{"id":10843,"date":"2025-04-04T14:05:13","date_gmt":"2025-04-04T14:05:13","guid":{"rendered":"https:\/\/les-beaux-esprits.fr\/?page_id=10843"},"modified":"2025-04-17T12:02:23","modified_gmt":"2025-04-17T12:02:23","slug":"lecteurs-jury","status":"publish","type":"page","link":"https:\/\/les-beaux-esprits.fr\/?page_id=10843","title":{"rendered":"Lecteurs-Jury"},"content":{"rendered":"\t\t<div data-elementor-type=\"wp-page\" data-elementor-id=\"10843\" class=\"elementor elementor-10843\" data-elementor-post-type=\"page\">\n\t\t\t\t<div class=\"elementor-element elementor-element-6b027e3c e-con-full e-flex e-con e-parent\" data-id=\"6b027e3c\" data-element_type=\"container\">\n\t\t\t\t<div class=\"elementor-element elementor-element-17bdf635 elementor-widget elementor-widget-image\" data-id=\"17bdf635\" data-element_type=\"widget\" data-widget_type=\"image.default\">\n\t\t\t\t<div class=\"elementor-widget-container\">\n\t\t\t\t\t\t\t\t\t\t\t\t\t\t\t<img decoding=\"async\" src=\"https:\/\/les-beaux-esprits.fr\/wp-content\/uploads\/2025\/04\/GalleryPage-Hero.jpg\" title=\"\" alt=\"\" loading=\"lazy\" \/>\t\t\t\t\t\t\t\t\t\t\t\t\t\t\t<\/div>\n\t\t\t\t<\/div>\n\t\t\t\t<\/div>\n\t\t<div class=\"elementor-element elementor-element-428e15a e-flex e-con-boxed e-con e-parent\" data-id=\"428e15a\" data-element_type=\"container\">\n\t\t\t\t\t<div class=\"e-con-inner\">\n\t\t\t\t<div class=\"elementor-element elementor-element-c17a909 elementor-widget elementor-widget-text-editor\" data-id=\"c17a909\" data-element_type=\"widget\" data-widget_type=\"text-editor.default\">\n\t\t\t\t<div class=\"elementor-widget-container\">\n\t\t\t\t\t\t\t\t\t<h2 class=\"\" data-start=\"255\" data-end=\"311\">Rejoindre le cercle des lecteurs-jury du Canap\u00e9 Jaune<\/h2><p class=\"\" data-start=\"313\" data-end=\"598\">Le <strong data-start=\"316\" data-end=\"332\">Canap\u00e9 Jaune<\/strong>, h\u00e9berg\u00e9 sur la plateforme <a class=\"\" href=\"https:\/\/les-beaux-esprits.fr\/\" target=\"_new\" rel=\"noopener\" data-start=\"360\" data-end=\"410\">Les Beaux Esprits<\/a>, est un espace d\u2019\u00e9criture ind\u00e9pendant, confidentiel et engag\u00e9, o\u00f9 des auteurs partagent leurs textes en cours ou finalis\u00e9s : r\u00e9cits, fragments, fictions, autofictions, essais litt\u00e9raires\u2026<\/p><p class=\"\" data-start=\"600\" data-end=\"804\">Pour faire vivre cet espace, nous constituons un <strong data-start=\"649\" data-end=\"676\">cercle de lecteurs-jury<\/strong>. Leur mission ? Lire, commenter, accompagner les \u00e9critures, et parfois, permettre les rencontres qui m\u00e8nent \u00e0 des publications.<\/p><h3 class=\"\" data-start=\"806\" data-end=\"823\">\ud83c\udfaf Votre r\u00f4le<\/h3><ul data-start=\"824\" data-end=\"1087\"><li class=\"\" data-start=\"824\" data-end=\"864\"><p class=\"\" data-start=\"826\" data-end=\"864\">Lire r\u00e9guli\u00e8rement des textes in\u00e9dits.<\/p><\/li><li class=\"\" data-start=\"865\" data-end=\"977\"><p class=\"\" data-start=\"867\" data-end=\"977\">Formuler un <strong data-start=\"879\" data-end=\"934\">retour critique construit, respectueux et argument\u00e9<\/strong>, destin\u00e9 \u00e0 nourrir le travail de l\u2019auteur.<\/p><\/li><li class=\"\" data-start=\"978\" data-end=\"1087\"><p class=\"\" data-start=\"980\" data-end=\"1087\">Participer \u00e0 la <strong data-start=\"996\" data-end=\"1013\">vie du Canap\u00e9<\/strong>, en engageant des \u00e9changes autour des textes, des styles, des intentions.<\/p><\/li><\/ul><h3 class=\"\" data-start=\"1089\" data-end=\"1114\">\ud83c\udf93 Profils recherch\u00e9s<\/h3><p class=\"\" data-start=\"1115\" data-end=\"1346\">Nous recherchons des lecteurs et lectrices \u00e0 la fois <strong data-start=\"1168\" data-end=\"1201\">exigeants, engag\u00e9s et curieux<\/strong>, issus de diff\u00e9rents horizons, avec un point commun : une <strong data-start=\"1260\" data-end=\"1300\">bonne connaissance de la litt\u00e9rature<\/strong> et une capacit\u00e9 \u00e0 dialoguer avec les auteurs.<\/p><h4 class=\"\" data-start=\"1348\" data-end=\"1407\">\ud83d\udd36 Un noyau de professionnels ou semi-professionnels :<\/h4><ul data-start=\"1408\" data-end=\"1593\"><li class=\"\" data-start=\"1408\" data-end=\"1510\"><p class=\"\" data-start=\"1410\" data-end=\"1510\">\u00c9diteurs, libraires, enseignants en lettres, auteurs publi\u00e9s, journalistes ou critiques litt\u00e9raires.<\/p><\/li><li class=\"\" data-start=\"1511\" data-end=\"1593\"><p class=\"\" data-start=\"1513\" data-end=\"1593\">Correcteurs, traducteurs, membres de comit\u00e9s de lecture ou de jurys litt\u00e9raires.<\/p><\/li><\/ul><h4 class=\"\" data-start=\"1595\" data-end=\"1656\">\ud83d\udd37 Et des lecteurs passionn\u00e9s, engag\u00e9s et exp\u00e9riment\u00e9s :<\/h4><ul data-start=\"1657\" data-end=\"1804\"><li class=\"\" data-start=\"1657\" data-end=\"1804\"><p class=\"\" data-start=\"1659\" data-end=\"1804\">Lecteurs assidus, anciens \u00e9tudiants en lettres, animateurs d\u2019ateliers d\u2019\u00e9criture, biblioth\u00e9caires, chroniqueurs litt\u00e9raires, blogueurs exigeants.<\/p><\/li><\/ul><p class=\"\" data-start=\"1806\" data-end=\"1934\">Nous veillons \u00e0 un <strong data-start=\"1825\" data-end=\"1838\">\u00e9quilibre<\/strong> entre ces profils pour garantir \u00e0 la fois rigueur, diversit\u00e9 de regards et richesse d\u2019\u00e9changes.<\/p><h3 class=\"\" data-start=\"1936\" data-end=\"1960\">\u2705 Conditions d\u2019acc\u00e8s<\/h3><ul data-start=\"1961\" data-end=\"2265\"><li class=\"\" data-start=\"1961\" data-end=\"2039\"><p class=\"\" data-start=\"1963\" data-end=\"2039\">Une <strong data-start=\"1967\" data-end=\"2008\">pr\u00e9sentation rapide de votre parcours<\/strong> (professionnel ou litt\u00e9raire).<\/p><\/li><li class=\"\" data-start=\"2040\" data-end=\"2139\"><p class=\"\" data-start=\"2042\" data-end=\"2139\">L\u2019engagement \u00e0 <strong data-start=\"2057\" data-end=\"2095\">lire au moins deux textes par mois<\/strong> et \u00e0 participer activement par vos retours.<\/p><\/li><li class=\"\" data-start=\"2140\" data-end=\"2265\"><p class=\"\" data-start=\"2142\" data-end=\"2265\">Le respect d\u2019une <strong data-start=\"2159\" data-end=\"2188\">charte de confidentialit\u00e9<\/strong> (les textes partag\u00e9s ne peuvent \u00eatre diffus\u00e9s ou cit\u00e9s en dehors du Canap\u00e9).<\/p><\/li><\/ul><h3 class=\"\" data-start=\"2267\" data-end=\"2285\">\ud83d\udce9 Candidature<\/h3><p class=\"\" data-start=\"2286\" data-end=\"2489\">Vous souhaitez rejoindre le cercle ? Adressez-nous votre demande via le [formulaire de contact] ou par mail, en joignant une courte pr\u00e9sentation de votre profil et de votre rapport \u00e0 la lecture critique.<\/p><p class=\"\" data-start=\"2491\" data-end=\"2556\">Nous reviendrons vers vous rapidement avec les modalit\u00e9s d\u2019acc\u00e8s.<\/p><p>Lorem ipsum dolor sit amet, consectetur adipiscing elit. Ut elit tellus, luctus nec ullamcorper mattis, pulvinar dapibus leo.<\/p>\t\t\t\t\t\t\t\t<\/div>\n\t\t\t\t<\/div>\n\t\t\t\t\t<\/div>\n\t\t\t\t<\/div>\n\t\t<div class=\"elementor-element elementor-element-80867e8 e-flex e-con-boxed e-con e-parent\" data-id=\"80867e8\" data-element_type=\"container\">\n\t\t\t\t\t<div class=\"e-con-inner\">\n\t\t\t\t<div class=\"elementor-element elementor-element-20d9344 elementor-widget elementor-widget-heading\" data-id=\"20d9344\" data-element_type=\"widget\" data-widget_type=\"heading.default\">\n\t\t\t\t<div class=\"elementor-widget-container\">\n\t\t\t\t\t<h2 class=\"elementor-heading-title elementor-size-default\">\ud83d\udcdc Charte du lecteur-jury du Canap\u00e9 Jaune<\/h2>\t\t\t\t<\/div>\n\t\t\t\t<\/div>\n\t\t\t\t\t<\/div>\n\t\t\t\t<\/div>\n\t\t<div class=\"elementor-element elementor-element-3a328b8 e-flex e-con-boxed e-con e-parent\" data-id=\"3a328b8\" data-element_type=\"container\">\n\t\t\t\t\t<div class=\"e-con-inner\">\n\t\t\t\t<div class=\"elementor-element elementor-element-943b276 elementor-widget elementor-widget-text-editor\" data-id=\"943b276\" data-element_type=\"widget\" data-widget_type=\"text-editor.default\">\n\t\t\t\t<div class=\"elementor-widget-container\">\n\t\t\t\t\t\t\t\t\t<h2 class=\"\" data-start=\"265\" data-end=\"309\">\u00a0<\/h2><p class=\"\" data-start=\"311\" data-end=\"405\">En tant que lecteur-jury du <strong data-start=\"339\" data-end=\"355\">Canap\u00e9 Jaune<\/strong>, je m\u2019engage \u00e0 respecter les principes suivants :<\/p><h3 class=\"\" data-start=\"407\" data-end=\"433\">1. <strong data-start=\"414\" data-end=\"433\">Confidentialit\u00e9<\/strong><\/h3><ul data-start=\"434\" data-end=\"750\"><li class=\"\" data-start=\"434\" data-end=\"515\"><p class=\"\" data-start=\"436\" data-end=\"515\">Les textes que je lis dans le cadre du Canap\u00e9 Jaune sont <strong data-start=\"493\" data-end=\"514\">in\u00e9dits et priv\u00e9s<\/strong>.<\/p><\/li><li class=\"\" data-start=\"516\" data-end=\"645\"><p class=\"\" data-start=\"518\" data-end=\"645\">Je m\u2019interdis de les <strong data-start=\"539\" data-end=\"582\">diffuser, partager, reproduire ou citer<\/strong> en dehors de la plateforme, sauf accord explicite de l\u2019auteur.<\/p><\/li><li class=\"\" data-start=\"646\" data-end=\"750\"><p class=\"\" data-start=\"648\" data-end=\"750\">J\u2019agis dans le respect total de la propri\u00e9t\u00e9 intellectuelle et de l\u2019intimit\u00e9 des d\u00e9marches d\u2019\u00e9criture.<\/p><\/li><\/ul><h3 class=\"\" data-start=\"752\" data-end=\"784\">2. <strong data-start=\"759\" data-end=\"784\">Engagement de lecture<\/strong><\/h3><ul data-start=\"785\" data-end=\"1131\"><li class=\"\" data-start=\"785\" data-end=\"900\"><p class=\"\" data-start=\"787\" data-end=\"900\">Je m\u2019engage \u00e0 lire avec attention les textes mis \u00e0 disposition, et \u00e0 formuler <strong data-start=\"865\" data-end=\"899\">au moins deux retours par mois<\/strong>.<\/p><\/li><li class=\"\" data-start=\"901\" data-end=\"1016\"><p class=\"\" data-start=\"903\" data-end=\"1016\">Mes commentaires sont <strong data-start=\"925\" data-end=\"962\">clairs, argument\u00e9s, bienveillants<\/strong>, toujours orient\u00e9s vers l\u2019accompagnement de l\u2019auteur.<\/p><\/li><li class=\"\" data-start=\"1017\" data-end=\"1131\"><p class=\"\" data-start=\"1019\" data-end=\"1131\">Je reste disponible pour \u00e9changer avec les auteurs si cela est souhait\u00e9, dans un esprit d\u2019\u00e9coute et de dialogue.<\/p><\/li><\/ul><h3 class=\"\" data-start=\"1133\" data-end=\"1162\">3. <strong data-start=\"1140\" data-end=\"1162\">Posture et respect<\/strong><\/h3><ul data-start=\"1163\" data-end=\"1392\"><li class=\"\" data-start=\"1163\" data-end=\"1218\"><p class=\"\" data-start=\"1165\" data-end=\"1218\">Je ne juge pas un auteur, je <strong data-start=\"1194\" data-end=\"1217\">questionne un texte<\/strong>.<\/p><\/li><li class=\"\" data-start=\"1219\" data-end=\"1299\"><p class=\"\" data-start=\"1221\" data-end=\"1299\">Je respecte la diversit\u00e9 des styles, des parcours, des intentions litt\u00e9raires.<\/p><\/li><li class=\"\" data-start=\"1300\" data-end=\"1392\"><p class=\"\" data-start=\"1302\" data-end=\"1392\">Je contribue \u00e0 faire du Canap\u00e9 Jaune un espace <strong data-start=\"1349\" data-end=\"1391\">de confiance, d\u2019exigence et de libert\u00e9<\/strong>.<\/p><\/li><\/ul><h3 class=\"\" data-start=\"1394\" data-end=\"1425\">4. <strong data-start=\"1401\" data-end=\"1425\">Esprit de communaut\u00e9<\/strong><\/h3><ul data-start=\"1426\" data-end=\"1658\"><li class=\"\" data-start=\"1426\" data-end=\"1523\"><p class=\"\" data-start=\"1428\" data-end=\"1523\">Je participe, \u00e0 mon rythme, \u00e0 la dynamique du groupe (r\u00e9actions, suggestions, recommandations).<\/p><\/li><li class=\"\" data-start=\"1524\" data-end=\"1658\"><p class=\"\" data-start=\"1526\" data-end=\"1658\">Je peux proposer des id\u00e9es, recommander des textes, ou faire \u00e9merger des ponts entre les auteurs et les acteurs du monde litt\u00e9raire.<\/p><\/li><\/ul><hr class=\"\" data-start=\"1660\" data-end=\"1663\" \/><p class=\"\" data-start=\"1665\" data-end=\"1830\">\ud83d\udd12 <em data-start=\"1668\" data-end=\"1830\">Ce cadre garantit un espace de travail prot\u00e9g\u00e9 et stimulant pour tous. Tout manquement \u00e0 cette charte pourra entra\u00eener la suspension de l\u2019acc\u00e8s au Canap\u00e9 Jaune.<\/em><\/p>\t\t\t\t\t\t\t\t<\/div>\n\t\t\t\t<\/div>\n\t\t\t\t\t<\/div>\n\t\t\t\t<\/div>\n\t\t<div class=\"elementor-element elementor-element-6b9ff3e5 e-con-full e-flex e-con e-parent\" data-id=\"6b9ff3e5\" data-element_type=\"container\" data-settings=\"{&quot;background_background&quot;:&quot;classic&quot;}\">\n\t\t<div class=\"elementor-element elementor-element-347c1d57 e-con-full e-flex e-con e-child\" data-id=\"347c1d57\" data-element_type=\"container\">\n\t\t\t\t<div class=\"elementor-element elementor-element-6bf7b9dd elementor-widget elementor-widget-heading\" data-id=\"6bf7b9dd\" data-element_type=\"widget\" data-widget_type=\"heading.default\">\n\t\t\t\t<div class=\"elementor-widget-container\">\n\t\t\t\t\t<h2 class=\"elementor-heading-title elementor-size-default\">Follow the Story<\/h2>\t\t\t\t<\/div>\n\t\t\t\t<\/div>\n\t\t\t\t<div class=\"elementor-element elementor-element-7493322 gallery-spacing-custom elementor-widget-mobile__width-initial elementor-invisible elementor-widget elementor-widget-image-gallery\" data-id=\"7493322\" data-element_type=\"widget\" data-settings=\"{&quot;_animation&quot;:&quot;fadeInLeft&quot;,&quot;_animation_mobile&quot;:&quot;none&quot;}\" data-widget_type=\"image-gallery.default\">\n\t\t\t\t<div class=\"elementor-widget-container\">\n\t\t\t\t\t\t\t<div class=\"elementor-image-gallery\">\n\t\t\t\t\t<\/div>\n\t\t\t\t\t\t<\/div>\n\t\t\t\t<\/div>\n\t\t\t\t<div class=\"elementor-element elementor-element-5c64c6ee elementor-icon-list--layout-inline elementor-list-item-link-full_width elementor-widget elementor-widget-icon-list\" data-id=\"5c64c6ee\" data-element_type=\"widget\" data-widget_type=\"icon-list.default\">\n\t\t\t\t<div class=\"elementor-widget-container\">\n\t\t\t\t\t\t\t<ul class=\"elementor-icon-list-items elementor-inline-items\">\n\t\t\t\t\t\t\t<li class=\"elementor-icon-list-item elementor-inline-item\">\n\t\t\t\t\t\t\t\t\t\t\t<a href=\"#\">\n\n\t\t\t\t\t\t\t\t\t\t\t<span class=\"elementor-icon-list-text\">Instagram  <\/span>\n\t\t\t\t\t\t\t\t\t\t\t<\/a>\n\t\t\t\t\t\t\t\t\t<\/li>\n\t\t\t\t\t\t\t\t<li class=\"elementor-icon-list-item elementor-inline-item\">\n\t\t\t\t\t\t\t\t\t\t\t<a href=\"#\">\n\n\t\t\t\t\t\t\t\t\t\t\t<span class=\"elementor-icon-list-text\">twitter<\/span>\n\t\t\t\t\t\t\t\t\t\t\t<\/a>\n\t\t\t\t\t\t\t\t\t<\/li>\n\t\t\t\t\t\t\t\t<li class=\"elementor-icon-list-item elementor-inline-item\">\n\t\t\t\t\t\t\t\t\t\t\t<a href=\"#\">\n\n\t\t\t\t\t\t\t\t\t\t\t<span class=\"elementor-icon-list-text\">facebook<\/span>\n\t\t\t\t\t\t\t\t\t\t\t<\/a>\n\t\t\t\t\t\t\t\t\t<\/li>\n\t\t\t\t\t\t<\/ul>\n\t\t\t\t\t\t<\/div>\n\t\t\t\t<\/div>\n\t\t\t\t<div class=\"elementor-element elementor-element-7288e871 elementor-widget elementor-widget-heading\" data-id=\"7288e871\" data-element_type=\"widget\" data-widget_type=\"heading.default\">\n\t\t\t\t<div class=\"elementor-widget-container\">\n\t\t\t\t\t<h1 class=\"elementor-heading-title elementor-size-default\">Oubl\u00e9<\/h1>\t\t\t\t<\/div>\n\t\t\t\t<\/div>\n\t\t\t\t<\/div>\n\t\t<div class=\"elementor-element elementor-element-4472be97 e-con-full e-flex e-con e-child\" data-id=\"4472be97\" data-element_type=\"container\" data-settings=\"{&quot;background_background&quot;:&quot;classic&quot;}\">\n\t\t\t\t<div class=\"elementor-element elementor-element-2b3f3374 elementor-widget elementor-widget-spacer\" data-id=\"2b3f3374\" data-element_type=\"widget\" data-widget_type=\"spacer.default\">\n\t\t\t\t<div class=\"elementor-widget-container\">\n\t\t\t\t\t\t\t<div class=\"elementor-spacer\">\n\t\t\t<div class=\"elementor-spacer-inner\"><\/div>\n\t\t<\/div>\n\t\t\t\t\t\t<\/div>\n\t\t\t\t<\/div>\n\t\t\t\t<\/div>\n\t\t\t\t<\/div>\n\t\t\t\t<\/div>\n\t\t","protected":false},"excerpt":{"rendered":"<p>Rejoindre le cercle des lecteurs-jury du Canap\u00e9 Jaune Le Canap\u00e9 Jaune, h\u00e9berg\u00e9 sur la plateforme Les Beaux Esprits, est un [&hellip;]<\/p>\n","protected":false},"author":1,"featured_media":0,"parent":0,"menu_order":0,"comment_status":"closed","ping_status":"closed","template":"elementor_header_footer","meta":{"site-sidebar-layout":"default","site-content-layout":"","ast-site-content-layout":"","site-content-style":"default","site-sidebar-style":"default","ast-global-header-display":"","ast-banner-title-visibility":"","ast-main-header-display":"","ast-hfb-above-header-display":"","ast-hfb-below-header-display":"","ast-hfb-mobile-header-display":"","site-post-title":"","ast-breadcrumbs-content":"","ast-featured-img":"","footer-sml-layout":"","theme-transparent-header-meta":"","adv-header-id-meta":"","stick-header-meta":"","header-above-stick-meta":"","header-main-stick-meta":"","header-below-stick-meta":"","astra-migrate-meta-layouts":"default","ast-page-background-enabled":"default","ast-page-background-meta":{"desktop":{"background-color":"var(--ast-global-color-4)","background-image":"","background-repeat":"repeat","background-position":"center center","background-size":"auto","background-attachment":"scroll","background-type":"","background-media":"","overlay-type":"","overlay-color":"","overlay-opacity":"","overlay-gradient":""},"tablet":{"background-color":"","background-image":"","background-repeat":"repeat","background-position":"center center","background-size":"auto","background-attachment":"scroll","background-type":"","background-media":"","overlay-type":"","overlay-color":"","overlay-opacity":"","overlay-gradient":""},"mobile":{"background-color":"","background-image":"","background-repeat":"repeat","background-position":"center center","background-size":"auto","background-attachment":"scroll","background-type":"","background-media":"","overlay-type":"","overlay-color":"","overlay-opacity":"","overlay-gradient":""}},"ast-content-background-meta":{"desktop":{"background-color":"var(--ast-global-color-5)","background-image":"","background-repeat":"repeat","background-position":"center center","background-size":"auto","background-attachment":"scroll","background-type":"","background-media":"","overlay-type":"","overlay-color":"","overlay-opacity":"","overlay-gradient":""},"tablet":{"background-color":"var(--ast-global-color-5)","background-image":"","background-repeat":"repeat","background-position":"center center","background-size":"auto","background-attachment":"scroll","background-type":"","background-media":"","overlay-type":"","overlay-color":"","overlay-opacity":"","overlay-gradient":""},"mobile":{"background-color":"var(--ast-global-color-5)","background-image":"","background-repeat":"repeat","background-position":"center center","background-size":"auto","background-attachment":"scroll","background-type":"","background-media":"","overlay-type":"","overlay-color":"","overlay-opacity":"","overlay-gradient":""}},"footnotes":""},"class_list":["post-10843","page","type-page","status-publish","hentry"],"jetpack_sharing_enabled":true,"_links":{"self":[{"href":"https:\/\/les-beaux-esprits.fr\/index.php?rest_route=\/wp\/v2\/pages\/10843","targetHints":{"allow":["GET"]}}],"collection":[{"href":"https:\/\/les-beaux-esprits.fr\/index.php?rest_route=\/wp\/v2\/pages"}],"about":[{"href":"https:\/\/les-beaux-esprits.fr\/index.php?rest_route=\/wp\/v2\/types\/page"}],"author":[{"embeddable":true,"href":"https:\/\/les-beaux-esprits.fr\/index.php?rest_route=\/wp\/v2\/users\/1"}],"replies":[{"embeddable":true,"href":"https:\/\/les-beaux-esprits.fr\/index.php?rest_route=%2Fwp%2Fv2%2Fcomments&post=10843"}],"version-history":[{"count":11,"href":"https:\/\/les-beaux-esprits.fr\/index.php?rest_route=\/wp\/v2\/pages\/10843\/revisions"}],"predecessor-version":[{"id":11724,"href":"https:\/\/les-beaux-esprits.fr\/index.php?rest_route=\/wp\/v2\/pages\/10843\/revisions\/11724"}],"wp:attachment":[{"href":"https:\/\/les-beaux-esprits.fr\/index.php?rest_route=%2Fwp%2Fv2%2Fmedia&parent=10843"}],"curies":[{"name":"wp","href":"https:\/\/api.w.org\/{rel}","templated":true}]}}