{"id":10856,"date":"2025-04-04T14:05:18","date_gmt":"2025-04-04T14:05:18","guid":{"rendered":"https:\/\/les-beaux-esprits.fr\/?page_id=10856"},"modified":"2026-03-03T15:42:53","modified_gmt":"2026-03-03T15:42:53","slug":"candidatures","status":"publish","type":"page","link":"https:\/\/les-beaux-esprits.fr\/?page_id=10856","title":{"rendered":"Candidatures"},"content":{"rendered":"\t\t<div data-elementor-type=\"wp-page\" data-elementor-id=\"10856\" class=\"elementor elementor-10856\" data-elementor-post-type=\"page\">\n\t\t\t\t<div class=\"elementor-element elementor-element-4ba4153 e-flex e-con-boxed e-con e-parent\" data-id=\"4ba4153\" data-element_type=\"container\">\n\t\t\t\t\t<div class=\"e-con-inner\">\n\t\t<div class=\"elementor-element elementor-element-4266bec e-con-full e-flex e-con e-child\" data-id=\"4266bec\" data-element_type=\"container\">\n\t\t\t\t<div class=\"elementor-element elementor-element-3669e07 elementor-widget elementor-widget-heading\" data-id=\"3669e07\" data-element_type=\"widget\" data-widget_type=\"heading.default\">\n\t\t\t\t<div class=\"elementor-widget-container\">\n\t\t\t\t\t<h2 class=\"elementor-heading-title elementor-size-default\">Bienvenue sur le canape jaune<\/h2>\t\t\t\t<\/div>\n\t\t\t\t<\/div>\n\t\t\t\t<\/div>\n\t\t<div class=\"elementor-element elementor-element-2308fda e-con-full e-flex e-con e-child\" data-id=\"2308fda\" data-element_type=\"container\">\n\t\t\t\t<div class=\"elementor-element elementor-element-6bed9ca elementor-widget elementor-widget-text-editor\" data-id=\"6bed9ca\" data-element_type=\"widget\" data-widget_type=\"text-editor.default\">\n\t\t\t\t<div class=\"elementor-widget-container\">\n\t\t\t\t\t\t\t\t\t<p class=\"\" data-start=\"401\" data-end=\"579\">\u00a0<\/p><p class=\"\" data-start=\"581\" data-end=\"874\"><strong data-start=\"581\" data-end=\"600\">Le Canap\u00e9 Jaune<\/strong> est un espace de rencontre singulier, d\u00e9di\u00e9 \u00e0 celles et ceux qui aiment lire, \u00e9crire, penser, r\u00eaver \u2014 et peut-\u00eatre, aimer autrement. Que vous soyez amateur de litt\u00e9rature classique, f\u00e9ru de polar, lecteur discret d\u2019autofictions ou po\u00e9tesse de nuit, vous \u00eates ici chez vous.<\/p><p class=\"\" data-start=\"876\" data-end=\"1026\">Prenez le temps de vous pr\u00e9senter. De choisir vos genres litt\u00e9raires pr\u00e9f\u00e9r\u00e9s. Ce formulaire est la premi\u00e8re page d\u2019un livre que nous \u00e9crivons \u00e0 deux.<\/p>\t\t\t\t\t\t\t\t<\/div>\n\t\t\t\t<\/div>\n\t\t\t\t<\/div>\n\t\t\t\t\t<\/div>\n\t\t\t\t<\/div>\n\t\t<div class=\"elementor-element elementor-element-undefined-bc4416a e-flex e-con-boxed e-con e-parent\" data-id=\"undefined-bc4416a\" data-element_type=\"container\" data-settings=\"{&quot;background_background&quot;:&quot;classic&quot;}\">\n\t\t\t\t\t<div class=\"e-con-inner\">\n\t\t<div class=\"elementor-element elementor-element-undefined-717581c e-con-full e-flex e-con e-child\" data-id=\"undefined-717581c\" data-element_type=\"container\">\n\t\t\t\t<div class=\"elementor-element elementor-element-a189c2a elementor-widget elementor-widget-text-editor\" data-id=\"a189c2a\" data-element_type=\"widget\" data-widget_type=\"text-editor.default\">\n\t\t\t\t<div class=\"elementor-widget-container\">\n\t\t\t\t\t\t\t\t\t<p>Ce formulaire permet de rejoindre une cr\u00e9ation litt\u00e9raire collective<\/p>\t\t\t\t\t\t\t\t<\/div>\n\t\t\t\t<\/div>\n\t\t\t\t<div class=\"elementor-element elementor-element-undefined-5b8e852 elementor-widget elementor-widget-image\" data-id=\"undefined-5b8e852\" data-element_type=\"widget\" data-widget_type=\"image.default\">\n\t\t\t\t<div class=\"elementor-widget-container\">\n\t\t\t\t\t\t\t\t\t\t\t\t\t\t\t<img decoding=\"async\" src=\"https:\/\/les-beaux-esprits.fr\/wp-content\/uploads\/2025\/04\/17381887-25fa-48f1-903b-1aeb78251236.webp\" title=\"\" alt=\"\" loading=\"lazy\" \/>\t\t\t\t\t\t\t\t\t\t\t\t\t\t\t<\/div>\n\t\t\t\t<\/div>\n\t\t\t\t<\/div>\n\t\t<div class=\"elementor-element elementor-element-undefined-a3c9cd1 e-con-full e-flex e-con e-child\" data-id=\"undefined-a3c9cd1\" data-element_type=\"container\">\n\t\t\t\t<div class=\"elementor-element elementor-element-undefined-914968d elementor-widget elementor-widget-heading\" data-id=\"undefined-914968d\" data-element_type=\"widget\" data-widget_type=\"heading.default\">\n\t\t\t\t<div class=\"elementor-widget-container\">\n\t\t\t\t\t<h2 class=\"elementor-heading-title elementor-size-default\">Candidater<\/h2>\t\t\t\t<\/div>\n\t\t\t\t<\/div>\n\t\t\t\t<div class=\"elementor-element elementor-element-undefined-5d85b8d elementor-mobile-button-align-stretch elementor-button-align-stretch elementor-widget elementor-widget-form\" data-id=\"undefined-5d85b8d\" data-element_type=\"widget\" data-settings=\"{&quot;step_next_label&quot;:&quot;Submit&quot;,&quot;step_previous_label&quot;:&quot;Go Back&quot;,&quot;button_width&quot;:&quot;100&quot;,&quot;step_type&quot;:&quot;number_text&quot;,&quot;step_icon_shape&quot;:&quot;circle&quot;}\" data-widget_type=\"form.default\">\n\t\t\t\t<div class=\"elementor-widget-container\">\n\t\t\t\t\t\t\t<form class=\"elementor-form\" method=\"post\" name=\"Sign Up\" aria-label=\"Sign Up\">\n\t\t\t<input type=\"hidden\" name=\"post_id\" value=\"10856\"\/>\n\t\t\t<input type=\"hidden\" name=\"form_id\" value=\"undefined-5d85b8d\"\/>\n\t\t\t<input type=\"hidden\" name=\"referer_title\" value=\"\" \/>\n\n\t\t\t\n\t\t\t<div class=\"elementor-form-fields-wrapper elementor-labels-\">\n\t\t\t\t\t\t\t\t<div class=\"elementor-field-type-text elementor-field-group elementor-column elementor-field-group-full_name elementor-col-100 elementor-field-required\">\n\t\t\t\t\t\t\t\t\t\t\t\t<label for=\"form-field-full_name\" class=\"elementor-field-label elementor-screen-only\">\n\t\t\t\t\t\t\t\tIdentit\u00e9\t\t\t\t\t\t\t<\/label>\n\t\t\t\t\t\t\t\t\t\t\t\t\t\t<input size=\"1\" type=\"text\" name=\"form_fields[full_name]\" id=\"form-field-full_name\" class=\"elementor-field elementor-size-lg  elementor-field-textual\" placeholder=\"Identit\u00e9\" required=\"required\">\n\t\t\t\t\t\t\t\t\t\t\t<\/div>\n\t\t\t\t\t\t\t\t<div class=\"elementor-field-type-email elementor-field-group elementor-column elementor-field-group-user_email elementor-col-100 elementor-field-required\">\n\t\t\t\t\t\t\t\t\t\t\t\t<label for=\"form-field-user_email\" class=\"elementor-field-label elementor-screen-only\">\n\t\t\t\t\t\t\t\tVotre adresse\t\t\t\t\t\t\t<\/label>\n\t\t\t\t\t\t\t\t\t\t\t\t\t\t<input size=\"1\" type=\"email\" name=\"form_fields[user_email]\" id=\"form-field-user_email\" class=\"elementor-field elementor-size-lg  elementor-field-textual\" placeholder=\"Votre mail\" required=\"required\">\n\t\t\t\t\t\t\t\t\t\t\t<\/div>\n\t\t\t\t\t\t\t\t<div class=\"elementor-field-type-date elementor-field-group elementor-column elementor-field-group-field_736d7a5 elementor-col-100 elementor-field-required\">\n\t\t\t\t\t\t\t\t\t\t\t\t<label for=\"form-field-field_736d7a5\" class=\"elementor-field-label elementor-screen-only\">\n\t\t\t\t\t\t\t\tDate de naissance\t\t\t\t\t\t\t<\/label>\n\t\t\t\t\t\t\n\t\t<input type=\"date\" name=\"form_fields[field_736d7a5]\" id=\"form-field-field_736d7a5\" class=\"elementor-field elementor-size-lg  elementor-field-textual elementor-date-field\" placeholder=\"Date de naissance\" required=\"required\" pattern=\"[0-9]{4}-[0-9]{2}-[0-9]{2}\">\n\t\t\t\t\t\t<\/div>\n\t\t\t\t\t\t\t\t<div class=\"elementor-field-type-textarea elementor-field-group elementor-column elementor-field-group-user_message elementor-col-100\">\n\t\t\t\t\t<textarea class=\"elementor-field-textual elementor-field  elementor-size-lg\" name=\"form_fields[user_message]\" id=\"form-field-user_message\" rows=\"4\" placeholder=\"Que voulez-vous nous dire ?\"><\/textarea>\t\t\t\t<\/div>\n\t\t\t\t\t\t\t\t<div class=\"elementor-field-type-select elementor-field-group elementor-column elementor-field-group-field_af05a23 elementor-col-100 elementor-field-required\">\n\t\t\t\t\t\t\t<div class=\"elementor-field elementor-select-wrapper remove-before \">\n\t\t\t<div class=\"select-caret-down-wrapper\">\n\t\t\t\t<i aria-hidden=\"true\" class=\"eicon-caret-down\"><\/i>\t\t\t<\/div>\n\t\t\t<select name=\"form_fields[field_af05a23]\" id=\"form-field-field_af05a23\" class=\"elementor-field-textual elementor-size-lg\" required=\"required\">\n\t\t\t\t\t\t\t\t\t<option value=\"Policier\">Policier<\/option>\n\t\t\t\t\t\t\t\t\t<option value=\"Fiction\">Fiction<\/option>\n\t\t\t\t\t\t\t\t\t<option value=\"Dystopique \">Dystopique <\/option>\n\t\t\t\t\t\t\t\t\t<option value=\"Psychologique \">Psychologique <\/option>\n\t\t\t\t\t\t\t\t\t<option value=\"Roman\">Roman<\/option>\n\t\t\t\t\t\t\t\t\t<option value=\"Thriller\">Thriller<\/option>\n\t\t\t\t\t\t\t\t\t<option value=\"Autres\">Autres<\/option>\n\t\t\t\t\t\t\t<\/select>\n\t\t<\/div>\n\t\t\t\t\t\t<\/div>\n\t\t\t\t\t\t\t\t<div class=\"elementor-field-type-upload elementor-field-group elementor-column elementor-field-group-field_869d1d2 elementor-col-100 elementor-field-required\">\n\t\t\t\t\t\t\t<input type=\"file\" name=\"form_fields[field_869d1d2]\" id=\"form-field-field_869d1d2\" class=\"elementor-field elementor-size-lg  elementor-upload-field\" required=\"required\">\n\n\t\t\t\t\t\t<\/div>\n\t\t\t\t\t\t\t\t<div class=\"elementor-field-group elementor-column elementor-field-type-submit elementor-col-100 e-form__buttons\">\n\t\t\t\t\t<button class=\"elementor-button elementor-size-sm\" type=\"submit\">\n\t\t\t\t\t\t<span class=\"elementor-button-content-wrapper\">\n\t\t\t\t\t\t\t\t\t\t\t\t\t\t\t\t\t\t\t\t\t\t<span class=\"elementor-button-text\">Envoyer<\/span>\n\t\t\t\t\t\t\t\t\t\t\t\t\t<\/span>\n\t\t\t\t\t<\/button>\n\t\t\t\t<\/div>\n\t\t\t<\/div>\n\t\t<\/form>\n\t\t\t\t\t\t<\/div>\n\t\t\t\t<\/div>\n\t\t\t\t<\/div>\n\t\t\t\t\t<\/div>\n\t\t\t\t<\/div>\n\t\t<div class=\"elementor-element elementor-element-4e86a17d e-con-full e-flex e-con e-parent\" data-id=\"4e86a17d\" data-element_type=\"container\">\n\t\t\t\t<div class=\"elementor-element elementor-element-cc8d7c2 elementor-widget elementor-widget-text-editor\" data-id=\"cc8d7c2\" data-element_type=\"widget\" data-widget_type=\"text-editor.default\">\n\t\t\t\t<div class=\"elementor-widget-container\">\n\t\t\t\t\t\t\t\t\t<h2 class=\"\" data-start=\"178\" data-end=\"209\">\u00a0<\/h2><p class=\"\" data-start=\"210\" data-end=\"255\"><strong data-start=\"210\" data-end=\"255\">Rejoindre un projet d\u2019\u00e9criture collective<\/strong><\/p><hr class=\"\" data-start=\"257\" data-end=\"260\" \/><h2 class=\"\" data-start=\"262\" data-end=\"301\">Bienvenue ! Ce formulaire permet de rejoindre une cr\u00e9ation litt\u00e9raire collective en ligne.<br data-start=\"249\" data-end=\"252\" \/>Pas besoin d\u2019\u00eatre \u00e9crivain\u00b7e : juste l\u2019envie de participer et d\u2019\u00e9crire ensemble.<\/h2><hr class=\"\" data-start=\"515\" data-end=\"518\" \/><h2 data-start=\"339\" data-end=\"351\">Questions<\/h2><ol data-start=\"353\" data-end=\"1118\"><li data-start=\"353\" data-end=\"393\"><p data-start=\"356\" data-end=\"393\"><strong data-start=\"356\" data-end=\"376\">Pr\u00e9nom ou pseudo<\/strong> (r\u00e9ponse courte)<\/p><\/li><li data-start=\"395\" data-end=\"449\"><p data-start=\"398\" data-end=\"449\"><strong data-start=\"398\" data-end=\"436\">Pourquoi souhaites-tu participer ?<\/strong> (paragraphe)<\/p><\/li><li data-start=\"451\" data-end=\"617\"><p data-start=\"454\" data-end=\"617\"><strong data-start=\"454\" data-end=\"484\">Petit texte (max 500 mots)<\/strong> (paragraphe)<br data-start=\"497\" data-end=\"500\" \/>Tu peux partager un texte <strong data-start=\"526\" data-end=\"532\">ou<\/strong> r\u00e9pondre \u00e0 la consigne :<br data-start=\"557\" data-end=\"560\" \/><strong data-start=\"560\" data-end=\"617\">\u00ab Commence une histoire par une rencontre impr\u00e9vue. \u00bb<\/strong><\/p><\/li><li data-start=\"619\" data-end=\"802\"><p data-start=\"622\" data-end=\"802\"><strong data-start=\"622\" data-end=\"636\">Engagement<\/strong> (cases \u00e0 cocher)<br data-start=\"653\" data-end=\"656\" \/>\u2610 Je participerai au moins une fois tous les 15 jours<br data-start=\"709\" data-end=\"712\" \/>\u2610 Je pr\u00e9viendrai si je dois faire une pause<br data-start=\"755\" data-end=\"758\" \/>\u2610 Je comprends que c\u2019est un projet collectif<\/p><\/li><li data-start=\"804\" data-end=\"1031\"><p data-start=\"807\" data-end=\"1031\"><strong data-start=\"807\" data-end=\"832\">Exp\u00e9rience d\u2019\u00e9criture<\/strong> (choix multiples)<br data-start=\"850\" data-end=\"853\" \/>\u2610 J\u2019\u00e9cris r\u00e9guli\u00e8rement<br data-start=\"876\" data-end=\"879\" \/>\u2610 J\u2019ai d\u00e9j\u00e0 particip\u00e9 \u00e0 des ateliers d\u2019\u00e9criture<br data-start=\"926\" data-end=\"929\" \/>\u2610 J\u2019ai d\u00e9j\u00e0 publi\u00e9 (papier \/ blog \/ r\u00e9seaux\u2026)<br data-start=\"974\" data-end=\"977\" \/>\u2610 Non, je d\u00e9bute<br data-start=\"993\" data-end=\"996\" \/>\u2610 Autre : ________ (r\u00e9ponse courte)<\/p><\/li><li data-start=\"1033\" data-end=\"1118\"><p data-start=\"1036\" data-end=\"1118\"><strong data-start=\"1036\" data-end=\"1063\">Charte de bienveillance<\/strong> (cases \u00e0 cocher)<br data-start=\"1080\" data-end=\"1083\" \/>\u2610 Oui, je l\u2019ai lue et je m\u2019y engage<\/p><\/li><\/ol><hr class=\"\" data-start=\"1917\" data-end=\"1920\" \/><h2 class=\"\" data-start=\"1922\" data-end=\"1995\">\ud83c\udf31 <strong data-start=\"1928\" data-end=\"1995\">Mini-charte (section ou derni\u00e8re question sans r\u00e9ponse requise)<\/strong><\/h2><p class=\"\" data-start=\"1997\" data-end=\"2035\">Voici les r\u00e8gles simples du projet :<\/p><ol data-start=\"2036\" data-end=\"2323\"><li class=\"\" data-start=\"2036\" data-end=\"2077\"><ul><li data-start=\"1172\" data-end=\"1212\"><p data-start=\"1174\" data-end=\"1212\">Respect des textes et des personnes.<\/p><\/li><li data-start=\"1213\" data-end=\"1256\"><p data-start=\"1215\" data-end=\"1256\">Pas de contenu haineux ou discriminant.<\/p><\/li><li data-start=\"1257\" data-end=\"1296\"><p data-start=\"1259\" data-end=\"1296\">Retours bienveillants (ou silence).<\/p><\/li><li data-start=\"1297\" data-end=\"1328\"><p data-start=\"1299\" data-end=\"1328\">Confidentialit\u00e9 si demand\u00e9.<\/p><\/li><li data-start=\"1329\" data-end=\"1365\"><p data-start=\"1331\" data-end=\"1365\">Libert\u00e9 d\u2019\u00e9criture, sans pression.<\/p><\/li><\/ul><\/li><\/ol>\t\t\t\t\t\t\t\t<\/div>\n\t\t\t\t<\/div>\n\t\t\t\t<\/div>\n\t\t<div class=\"elementor-element elementor-element-b9bef06 e-flex e-con-boxed e-con e-parent\" data-id=\"b9bef06\" data-element_type=\"container\">\n\t\t\t\t\t<div class=\"e-con-inner\">\n\t\t\t\t\t<\/div>\n\t\t\t\t<\/div>\n\t\t<div class=\"elementor-element elementor-element-b6aacf0 e-flex e-con-boxed e-con e-parent\" data-id=\"b6aacf0\" data-element_type=\"container\">\n\t\t\t\t\t<div class=\"e-con-inner\">\n\t\t\t\t\t<\/div>\n\t\t\t\t<\/div>\n\t\t\t\t<\/div>\n\t\t","protected":false},"excerpt":{"rendered":"<p>Bienvenue sur le canape jaune \u00a0 Le Canap\u00e9 Jaune est un espace de rencontre singulier, d\u00e9di\u00e9 \u00e0 celles et ceux [&hellip;]<\/p>\n","protected":false},"author":1,"featured_media":0,"parent":0,"menu_order":0,"comment_status":"closed","ping_status":"closed","template":"elementor_header_footer","meta":{"site-sidebar-layout":"default","site-content-layout":"","ast-site-content-layout":"","site-content-style":"default","site-sidebar-style":"default","ast-global-header-display":"","ast-banner-title-visibility":"","ast-main-header-display":"","ast-hfb-above-header-display":"","ast-hfb-below-header-display":"","ast-hfb-mobile-header-display":"","site-post-title":"","ast-breadcrumbs-content":"","ast-featured-img":"","footer-sml-layout":"","theme-transparent-header-meta":"","adv-header-id-meta":"","stick-header-meta":"","header-above-stick-meta":"","header-main-stick-meta":"","header-below-stick-meta":"","astra-migrate-meta-layouts":"default","ast-page-background-enabled":"default","ast-page-background-meta":{"desktop":{"background-color":"var(--ast-global-color-4)","background-image":"","background-repeat":"repeat","background-position":"center center","background-size":"auto","background-attachment":"scroll","background-type":"","background-media":"","overlay-type":"","overlay-color":"","overlay-opacity":"","overlay-gradient":""},"tablet":{"background-color":"","background-image":"","background-repeat":"repeat","background-position":"center center","background-size":"auto","background-attachment":"scroll","background-type":"","background-media":"","overlay-type":"","overlay-color":"","overlay-opacity":"","overlay-gradient":""},"mobile":{"background-color":"","background-image":"","background-repeat":"repeat","background-position":"center center","background-size":"auto","background-attachment":"scroll","background-type":"","background-media":"","overlay-type":"","overlay-color":"","overlay-opacity":"","overlay-gradient":""}},"ast-content-background-meta":{"desktop":{"background-color":"var(--ast-global-color-5)","background-image":"","background-repeat":"repeat","background-position":"center center","background-size":"auto","background-attachment":"scroll","background-type":"","background-media":"","overlay-type":"","overlay-color":"","overlay-opacity":"","overlay-gradient":""},"tablet":{"background-color":"var(--ast-global-color-5)","background-image":"","background-repeat":"repeat","background-position":"center center","background-size":"auto","background-attachment":"scroll","background-type":"","background-media":"","overlay-type":"","overlay-color":"","overlay-opacity":"","overlay-gradient":""},"mobile":{"background-color":"var(--ast-global-color-5)","background-image":"","background-repeat":"repeat","background-position":"center center","background-size":"auto","background-attachment":"scroll","background-type":"","background-media":"","overlay-type":"","overlay-color":"","overlay-opacity":"","overlay-gradient":""}},"footnotes":""},"class_list":["post-10856","page","type-page","status-publish","hentry"],"jetpack_sharing_enabled":true,"_links":{"self":[{"href":"https:\/\/les-beaux-esprits.fr\/index.php?rest_route=\/wp\/v2\/pages\/10856","targetHints":{"allow":["GET"]}}],"collection":[{"href":"https:\/\/les-beaux-esprits.fr\/index.php?rest_route=\/wp\/v2\/pages"}],"about":[{"href":"https:\/\/les-beaux-esprits.fr\/index.php?rest_route=\/wp\/v2\/types\/page"}],"author":[{"embeddable":true,"href":"https:\/\/les-beaux-esprits.fr\/index.php?rest_route=\/wp\/v2\/users\/1"}],"replies":[{"embeddable":true,"href":"https:\/\/les-beaux-esprits.fr\/index.php?rest_route=%2Fwp%2Fv2%2Fcomments&post=10856"}],"version-history":[{"count":45,"href":"https:\/\/les-beaux-esprits.fr\/index.php?rest_route=\/wp\/v2\/pages\/10856\/revisions"}],"predecessor-version":[{"id":12739,"href":"https:\/\/les-beaux-esprits.fr\/index.php?rest_route=\/wp\/v2\/pages\/10856\/revisions\/12739"}],"wp:attachment":[{"href":"https:\/\/les-beaux-esprits.fr\/index.php?rest_route=%2Fwp%2Fv2%2Fmedia&parent=10856"}],"curies":[{"name":"wp","href":"https:\/\/api.w.org\/{rel}","templated":true}]}}