{"id":12243,"date":"2025-04-24T12:22:47","date_gmt":"2025-04-24T12:22:47","guid":{"rendered":"https:\/\/les-beaux-esprits.fr\/?page_id=12243"},"modified":"2025-04-28T19:11:11","modified_gmt":"2025-04-28T19:11:11","slug":"comment-ca-marche","status":"publish","type":"page","link":"https:\/\/les-beaux-esprits.fr\/?page_id=12243","title":{"rendered":"Comment \u00e7a marche"},"content":{"rendered":"\t\t<div data-elementor-type=\"wp-page\" data-elementor-id=\"12243\" class=\"elementor elementor-12243\" data-elementor-post-type=\"page\">\n\t\t\t\t<div class=\"elementor-element elementor-element-67dc6bc e-con-full e-flex e-con e-parent\" data-id=\"67dc6bc\" data-element_type=\"container\">\n\t\t\t\t<div class=\"elementor-element elementor-element-2c4de21 elementor-widget elementor-widget-image\" data-id=\"2c4de21\" data-element_type=\"widget\" data-widget_type=\"image.default\">\n\t\t\t\t<div class=\"elementor-widget-container\">\n\t\t\t\t\t\t\t\t\t\t\t\t\t\t\t<img fetchpriority=\"high\" decoding=\"async\" width=\"2560\" height=\"1498\" src=\"https:\/\/les-beaux-esprits.fr\/wp-content\/uploads\/2025\/04\/comment_ca_marche2-scaled.jpg\" class=\"attachment-full size-full wp-image-12247\" alt=\"\" srcset=\"https:\/\/les-beaux-esprits.fr\/wp-content\/uploads\/2025\/04\/comment_ca_marche2-scaled.jpg 2560w, https:\/\/les-beaux-esprits.fr\/wp-content\/uploads\/2025\/04\/comment_ca_marche2-300x176.jpg 300w, https:\/\/les-beaux-esprits.fr\/wp-content\/uploads\/2025\/04\/comment_ca_marche2-1024x599.jpg 1024w, https:\/\/les-beaux-esprits.fr\/wp-content\/uploads\/2025\/04\/comment_ca_marche2-768x449.jpg 768w, https:\/\/les-beaux-esprits.fr\/wp-content\/uploads\/2025\/04\/comment_ca_marche2-1536x899.jpg 1536w, https:\/\/les-beaux-esprits.fr\/wp-content\/uploads\/2025\/04\/comment_ca_marche2-2048x1198.jpg 2048w\" sizes=\"(max-width: 2560px) 100vw, 2560px\" \/>\t\t\t\t\t\t\t\t\t\t\t\t\t\t\t<\/div>\n\t\t\t\t<\/div>\n\t\t<div class=\"elementor-element elementor-element-undefined-acc6d57 e-con-full e-flex e-con e-child\" data-id=\"undefined-acc6d57\" data-element_type=\"container\" data-settings=\"{&quot;background_background&quot;:&quot;classic&quot;}\">\n\t\t\t\t<div class=\"elementor-element elementor-element-d531cb9 elementor-widget elementor-widget-text-editor\" data-id=\"d531cb9\" data-element_type=\"widget\" data-widget_type=\"text-editor.default\">\n\t\t\t\t<div class=\"elementor-widget-container\">\n\t\t\t\t\t\t\t\t\t<h2 data-start=\"505\" data-end=\"557\"><span style=\"color: #ffffff;\"><strong>Entrez dans le jeu litt\u00e9raire du Canap\u00e9 Jaune<\/strong><\/span><\/h2><p class=\"\" data-start=\"559\" data-end=\"823\"><strong>Bienvenue sur le Canap\u00e9 Jaune, un espace d\u2019\u00e9criture collective o\u00f9 les histoires se cr\u00e9ent \u00e0 plusieurs mains\u2026 et sous l\u2019\u0153il attentif de lecteurs-jur\u00e9s passionn\u00e9s.<\/strong><br data-start=\"722\" data-end=\"725\" \/><strong>Vous aimez \u00e9crire ? Vous aimez lire ? Vous aimez d\u00e9battre, voter, trancher ? Ce jeu est pour vous.<\/strong><\/p>\t\t\t\t\t\t\t\t<\/div>\n\t\t\t\t<\/div>\n\t\t\t\t<\/div>\n\t\t<div class=\"elementor-element elementor-element-42d6813 e-con-full e-flex e-con e-child\" data-id=\"42d6813\" data-element_type=\"container\" data-settings=\"{&quot;background_background&quot;:&quot;classic&quot;}\">\n\t\t\t\t<div class=\"elementor-element elementor-element-448c580 elementor-widget elementor-widget-text-editor\" data-id=\"448c580\" data-element_type=\"widget\" data-widget_type=\"text-editor.default\">\n\t\t\t\t<div class=\"elementor-widget-container\">\n\t\t\t\t\t\t\t\t\t<h4 data-start=\"830\" data-end=\"878\"><strong>1 &#8211; <span style=\"color: #000000;\">INSCRIVEZ-VOUS ET PR<b>\u00c9<\/b>SENTEZ-VOUS<\/span><\/strong><\/h4><p class=\"\" data-start=\"879\" data-end=\"1254\"><span style=\"color: #000000;\">Cr\u00e9ez votre profil d\u2019auteur ou de lecteur en quelques clics. Parlez-nous de vous : votre style, vos influences, vos envies. Votre inscription est soumise \u00e0 validation par la communaut\u00e9 : seuls les membres du Canap\u00e9 Jaune (auteurs actifs, lecteurs engag\u00e9s) peuvent accepter de nouveaux profils. Une plateforme \u00e0 taille humaine, pour des histoires de qualit\u00e9.<\/span><\/p><p data-start=\"879\" data-end=\"1254\">\u00a0<\/p><h4 data-start=\"830\" data-end=\"878\"><strong>2 &#8211; <span style=\"color: #000000;\">CHOISISSEZ UN SC<b>\u00c9<\/b>NARIO\u2026 OU PROPOSEZ LE V\u00d4TRE<\/span><\/strong><\/h4><p>Parcourez les amorces d\u2019histoires propos\u00e9es, toutes ont \u00e9t\u00e9 s\u00e9lectionn\u00e9es et valid\u00e9es par notre comit\u00e9 de lecture.\u00a0Envie de lancer votre propre fiction ? Soumettez votre sc\u00e9nario ! Il sera lu, comment\u00e9 et \u00e9ventuellement valid\u00e9 pour devenir un nouveau cercle d\u2019\u00e9criture.<\/p><p>\u00a0<\/p><h4 data-start=\"830\" data-end=\"878\"><strong>3 &#8211; <span style=\"color: #000000;\">REJOIGNEZ UN CERCLE DE CO-AUTEURS<\/span><\/strong><\/h4><p class=\"\" data-start=\"1322\" data-end=\"1598\">Vous \u00eates associ\u00e9 \u00e0 2 \u00e0 4 auteurs selon vos affinit\u00e9s stylistiques. Ensemble, vous formerez un cercle de co-\u00e9criture, o\u00f9 chaque plume vient nourrir la suivante.<\/p><p data-start=\"1322\" data-end=\"1598\">\u00a0<\/p><h4 data-start=\"830\" data-end=\"878\"><strong>4 &#8211; <span style=\"color: #000000;\">COMMENCEZ VOTRE HISTOIRE, <b>\u00c9<\/b>CRIVEZ VOTRE PASSAGE<\/span><\/strong><\/h4><p class=\"\" data-start=\"1887\" data-end=\"2038\">Si vous \u00eates \u00e0 l\u2019origine du sc\u00e9nario, ouvrez la danse avec un premier passage. Sinon, rebondissez sur le texte existant et faites avancer l\u2019intrigue. Chaque contribution fait entre 1 \u00e0 2 feuillets (environ 1 500 \u00e0 3 000 signes espaces compris) et vous avez \u00a07 jours maximum pour d\u00e9poser votre texte quand vient votre tour.<\/p><p data-start=\"1887\" data-end=\"2038\">\u00a0<\/p><h4 data-start=\"830\" data-end=\"878\"><strong>5 &#8211; <span style=\"color: #000000;\">PUBLIEZ VOTRE TEXTE&#8230; ET ENTREZ DANS L&rsquo;AR<b>\u00c9<\/b>NE !<\/span><\/strong><\/h4><p class=\"\" data-start=\"1887\" data-end=\"2038\">Votre passage est publi\u00e9 dans votre cercle, mais aussi ouvert \u00e0 la lecture du jury : un groupe de lecteurs passionn\u00e9s, critiques, \u00e9diteurs ou simples curieux, qui vont commenter, appr\u00e9cier\u2026 ou \u00e9liminer.<\/p><p data-start=\"1887\" data-end=\"2038\">\u00a0<\/p><h4 data-start=\"830\" data-end=\"878\"><strong>6 &#8211; <span style=\"color: #000000;\">LECTEUR-JUR<\/span><\/strong><strong><span style=\"color: #000000;\"><b>\u00c9<\/b><\/span><\/strong><strong><span style=\"color: #000000;\">S : LE POUVOIR EST \u00c0 VOUS !<\/span><\/strong><\/h4><p class=\"\" data-start=\"1887\" data-end=\"2038\">Votre passage est publi\u00e9 dans votre cercle, mais aussi ouvert \u00e0 la lecture du jury : un groupe de lecteurs passionn\u00e9s, critiques, \u00e9diteurs ou simples curieux, qui vont commenter, appr\u00e9cier\u2026 ou \u00e9liminer.\u00a0Chaque semaine, les lecteurs-jur\u00e9s peuvent :<\/p><ul data-start=\"2611\" data-end=\"2851\"><li class=\"\" data-start=\"2611\" data-end=\"2659\"><p class=\"\" data-start=\"2613\" data-end=\"2659\">Laisser un commentaire bienveillant ou incisif<\/p><\/li><li class=\"\" data-start=\"2611\" data-end=\"2659\"><p class=\"\" data-start=\"2613\" data-end=\"2659\"><span style=\"font-style: inherit; font-weight: inherit; letter-spacing: 0px;\">Voter pour les textes les plus marquants<\/span><\/p><\/li><li class=\"\" data-start=\"2703\" data-end=\"2768\"><p class=\"\" data-start=\"2705\" data-end=\"2768\">Proposer un \u00ab\u00a0carton jaune\u00a0\u00bb en cas de hors-sujet ou de platitude<\/p><\/li><li class=\"\" data-start=\"2769\" data-end=\"2851\"><p class=\"\" data-start=\"2771\" data-end=\"2851\">D\u00e9clencher un <strong data-start=\"2785\" data-end=\"2801\">carton rouge<\/strong>, supprimant un passage par pl\u00e9biscite collectif<\/p><\/li><\/ul><p class=\"\" data-start=\"2853\" data-end=\"2957\">Un jeu d\u2019\u00e9criture sous tension, o\u00f9 le style, l\u2019originalit\u00e9 et la fid\u00e9lit\u00e9 \u00e0 l\u2019histoire comptent !<\/p><p data-start=\"2853\" data-end=\"2957\">\u00a0<\/p><h4 data-start=\"830\" data-end=\"878\"><strong>7 &#8211; <span style=\"color: #000000;\">REPRENEZ LE RELAIS, ENRICHI PAR L&rsquo;AVIS DES LECTEURS<\/span><\/strong><\/h4><p class=\"\" data-start=\"1887\" data-end=\"2038\">Les retours du jury vous stimulent, vous poussent, vous inspirent. \u00c0 votre tour de rebondir sur les passages pr\u00e9c\u00e9dents\u2026 ou de redresser la barre si le r\u00e9cit s\u2019\u00e9gare.<\/p><p data-start=\"1887\" data-end=\"2038\">\u00a0<\/p>\t\t\t\t\t\t\t\t<\/div>\n\t\t\t\t<\/div>\n\t\t\t\t<\/div>\n\t\t<div class=\"elementor-element elementor-element-107290f e-con-full e-flex e-con e-child\" data-id=\"107290f\" data-element_type=\"container\" data-settings=\"{&quot;background_background&quot;:&quot;classic&quot;}\">\n\t\t\t\t<div class=\"elementor-element elementor-element-d0a2b2e elementor-widget elementor-widget-text-editor\" data-id=\"d0a2b2e\" data-element_type=\"widget\" data-widget_type=\"text-editor.default\">\n\t\t\t\t<div class=\"elementor-widget-container\">\n\t\t\t\t\t\t\t\t\t<h2 data-start=\"505\" data-end=\"557\"><span style=\"color: #ffffff;\"><strong>Pour les lecteur, \u00e9diteurs, curieux : devenez jur\u00e9 litt\u00e9raire<\/strong><\/span><\/h2><p><strong>Vous ne souhaitez pas \u00e9crire mais adorez lire ? Rejoignez le Canap\u00e9 Jaune comme lecteur-jur\u00e9 :<\/strong><\/p>\t\t\t\t\t\t\t\t<\/div>\n\t\t\t\t<\/div>\n\t\t\t\t<\/div>\n\t\t<div class=\"elementor-element elementor-element-0c03583 e-con-full e-flex e-con e-child\" data-id=\"0c03583\" data-element_type=\"container\" data-settings=\"{&quot;background_background&quot;:&quot;classic&quot;}\">\n\t\t\t\t<div class=\"elementor-element elementor-element-9dd839b elementor-widget elementor-widget-text-editor\" data-id=\"9dd839b\" data-element_type=\"widget\" data-widget_type=\"text-editor.default\">\n\t\t\t\t<div class=\"elementor-widget-container\">\n\t\t\t\t\t\t\t\t\t<ul><li><span style=\"color: #000000;\"><strong>Acc\u00e9dez aux r\u00e9cits en cours<\/strong><\/span><\/li><li><span style=\"color: #000000;\"><strong>Commentez les passages des auteurs<\/strong><\/span><\/li><li><span style=\"color: #000000;\"><strong>Votez, d\u00e9fendez vos coups de c\u0153ur, signalez les faiblesses<\/strong><\/span><\/li><li><span style=\"color: #000000;\"><strong>Aidez \u00e0 faire \u00e9merger les r\u00e9cits les plus puissants<\/strong><\/span><\/li><li><span style=\"color: #000000;\"><strong>Vous participez \u00e0 une aventure \u00e9ditoriale ludique, stimulante, collaborative.<\/strong><\/span><\/li><\/ul>\t\t\t\t\t\t\t\t<\/div>\n\t\t\t\t<\/div>\n\t\t\t\t<\/div>\n\t\t<div class=\"elementor-element elementor-element-4ce81b0 e-con-full e-flex e-con e-child\" data-id=\"4ce81b0\" data-element_type=\"container\" data-settings=\"{&quot;background_background&quot;:&quot;classic&quot;}\">\n\t\t\t\t<div class=\"elementor-element elementor-element-b320487 elementor-widget elementor-widget-text-editor\" data-id=\"b320487\" data-element_type=\"widget\" data-widget_type=\"text-editor.default\">\n\t\t\t\t<div class=\"elementor-widget-container\">\n\t\t\t\t\t\t\t\t\t<h2 data-start=\"505\" data-end=\"557\"><span style=\"color: #ffffff;\"><strong>Synth\u00e8se des r\u00e8gles du jeux<\/strong><\/span><\/h2><p><strong>Pour les auteurs comme pour les lecteurs ou les jur\u00e9s :<\/strong><\/p>\t\t\t\t\t\t\t\t<\/div>\n\t\t\t\t<\/div>\n\t\t\t\t<\/div>\n\t\t<div class=\"elementor-element elementor-element-ef63a18 e-con-full e-flex e-con e-child\" data-id=\"ef63a18\" data-element_type=\"container\" data-settings=\"{&quot;background_background&quot;:&quot;classic&quot;}\">\n\t\t\t\t<div class=\"elementor-element elementor-element-0c7de2c elementor-widget elementor-widget-text-editor\" data-id=\"0c7de2c\" data-element_type=\"widget\" data-widget_type=\"text-editor.default\">\n\t\t\t\t<div class=\"elementor-widget-container\">\n\t\t\t\t\t\t\t\t\t<ul data-start=\"3781\" data-end=\"4075\"><li class=\"\" data-start=\"3781\" data-end=\"3808\"><p class=\"\" data-start=\"3783\" data-end=\"3808\">1 \u00e0 2 feuillets par passage (1 500 \u00e0 3 000 signes)<\/p><\/li><li class=\"\" data-start=\"3781\" data-end=\"3808\"><p class=\"\" data-start=\"3783\" data-end=\"3808\"><span style=\"font-style: inherit; font-weight: inherit; letter-spacing: 0px;\">7 jours maximum pour \u00e9crire<\/span><\/p><\/li><li class=\"\" data-start=\"3841\" data-end=\"3901\"><p class=\"\" data-start=\"3843\" data-end=\"3901\">Respect du ton, des personnages et du travail des autres<\/p><\/li><li class=\"\" data-start=\"3902\" data-end=\"3947\"><p class=\"\" data-start=\"3904\" data-end=\"3947\">Participation bienveillante (jury inclus)<\/p><\/li><li class=\"\" data-start=\"3948\" data-end=\"4013\"><p class=\"\" data-start=\"3950\" data-end=\"4013\">2 avertissements = exclusion temporaire ; 3 = profil supprim\u00e9<\/p><\/li><li class=\"\" data-start=\"4014\" data-end=\"4075\"><p class=\"\" data-start=\"4016\" data-end=\"4075\">Les lecteurs-jury peuvent \u00e9liminer un passage \u00e0 la majorit\u00e9<\/p><\/li><\/ul>\t\t\t\t\t\t\t\t<\/div>\n\t\t\t\t<\/div>\n\t\t\t\t<\/div>\n\t\t<div class=\"elementor-element elementor-element-38b122d e-con-full e-flex e-con e-child\" data-id=\"38b122d\" data-element_type=\"container\" data-settings=\"{&quot;background_background&quot;:&quot;classic&quot;}\">\n\t\t\t\t<div class=\"elementor-element elementor-element-ce78170 elementor-widget elementor-widget-text-editor\" data-id=\"ce78170\" data-element_type=\"widget\" data-widget_type=\"text-editor.default\">\n\t\t\t\t<div class=\"elementor-widget-container\">\n\t\t\t\t\t\t\t\t\t<h2 data-start=\"505\" data-end=\"557\"><span style=\"color: #ffffff;\"><strong>Pourquoi participer<\/strong><\/span><\/h2><ul><li data-start=\"4111\" data-end=\"4299\">Parce qu\u2019ici, on \u00e9crit avec les autres.<\/li><li data-start=\"4111\" data-end=\"4299\">Parce qu\u2019on est lu, tout de suite, par de vrais lecteurs.<\/li><li data-start=\"4111\" data-end=\"4299\">Parce que chaque histoire est un d\u00e9fi.<\/li><li data-start=\"4111\" data-end=\"4299\">Parce que tout est jeu, mais rien n\u2019est vain.<\/li><\/ul><p class=\"\" data-start=\"4306\" data-end=\"4463\"><strong data-start=\"4310\" data-end=\"4440\">Le <em data-start=\"4315\" data-end=\"4329\">Canap\u00e9 Jaune<\/em>, c\u2019est un salon litt\u00e9raire vivant o\u00f9 les histoires naissent \u00e0 plusieurs et ne laissent personne indiff\u00e9rent.<\/strong><br data-start=\"4440\" data-end=\"4443\" \/><strong data-start=\"4443\" data-end=\"4463\">\u00c0 vous de jouer.<\/strong><\/p>\t\t\t\t\t\t\t\t<\/div>\n\t\t\t\t<\/div>\n\t\t\t\t<\/div>\n\t\t<div class=\"elementor-element elementor-element-871f6bc e-con-full e-flex e-con e-child\" data-id=\"871f6bc\" data-element_type=\"container\" data-settings=\"{&quot;background_background&quot;:&quot;classic&quot;}\">\n\t\t\t\t<\/div>\n\t\t\t\t<\/div>\n\t\t\t\t<\/div>\n\t\t","protected":false},"excerpt":{"rendered":"<p>Entrez dans le jeu litt\u00e9raire du Canap\u00e9 Jaune Bienvenue sur le Canap\u00e9 Jaune, un espace d\u2019\u00e9criture collective o\u00f9 les histoires [&hellip;]<\/p>\n","protected":false},"author":1,"featured_media":0,"parent":0,"menu_order":0,"comment_status":"closed","ping_status":"closed","template":"elementor_header_footer","meta":{"site-sidebar-layout":"no-sidebar","site-content-layout":"","ast-site-content-layout":"full-width-container","site-content-style":"default","site-sidebar-style":"default","ast-global-header-display":"","ast-banner-title-visibility":"","ast-main-header-display":"","ast-hfb-above-header-display":"","ast-hfb-below-header-display":"","ast-hfb-mobile-header-display":"","site-post-title":"disabled","ast-breadcrumbs-content":"","ast-featured-img":"disabled","footer-sml-layout":"","theme-transparent-header-meta":"","adv-header-id-meta":"","stick-header-meta":"","header-above-stick-meta":"","header-main-stick-meta":"","header-below-stick-meta":"","astra-migrate-meta-layouts":"default","ast-page-background-enabled":"default","ast-page-background-meta":{"desktop":{"background-color":"var(--ast-global-color-4)","background-image":"","background-repeat":"repeat","background-position":"center center","background-size":"auto","background-attachment":"scroll","background-type":"","background-media":"","overlay-type":"","overlay-color":"","overlay-opacity":"","overlay-gradient":""},"tablet":{"background-color":"","background-image":"","background-repeat":"repeat","background-position":"center center","background-size":"auto","background-attachment":"scroll","background-type":"","background-media":"","overlay-type":"","overlay-color":"","overlay-opacity":"","overlay-gradient":""},"mobile":{"background-color":"","background-image":"","background-repeat":"repeat","background-position":"center center","background-size":"auto","background-attachment":"scroll","background-type":"","background-media":"","overlay-type":"","overlay-color":"","overlay-opacity":"","overlay-gradient":""}},"ast-content-background-meta":{"desktop":{"background-color":"var(--ast-global-color-5)","background-image":"","background-repeat":"repeat","background-position":"center center","background-size":"auto","background-attachment":"scroll","background-type":"","background-media":"","overlay-type":"","overlay-color":"","overlay-opacity":"","overlay-gradient":""},"tablet":{"background-color":"var(--ast-global-color-5)","background-image":"","background-repeat":"repeat","background-position":"center center","background-size":"auto","background-attachment":"scroll","background-type":"","background-media":"","overlay-type":"","overlay-color":"","overlay-opacity":"","overlay-gradient":""},"mobile":{"background-color":"var(--ast-global-color-5)","background-image":"","background-repeat":"repeat","background-position":"center center","background-size":"auto","background-attachment":"scroll","background-type":"","background-media":"","overlay-type":"","overlay-color":"","overlay-opacity":"","overlay-gradient":""}},"footnotes":""},"class_list":["post-12243","page","type-page","status-publish","hentry"],"jetpack_sharing_enabled":true,"_links":{"self":[{"href":"https:\/\/les-beaux-esprits.fr\/index.php?rest_route=\/wp\/v2\/pages\/12243","targetHints":{"allow":["GET"]}}],"collection":[{"href":"https:\/\/les-beaux-esprits.fr\/index.php?rest_route=\/wp\/v2\/pages"}],"about":[{"href":"https:\/\/les-beaux-esprits.fr\/index.php?rest_route=\/wp\/v2\/types\/page"}],"author":[{"embeddable":true,"href":"https:\/\/les-beaux-esprits.fr\/index.php?rest_route=\/wp\/v2\/users\/1"}],"replies":[{"embeddable":true,"href":"https:\/\/les-beaux-esprits.fr\/index.php?rest_route=%2Fwp%2Fv2%2Fcomments&post=12243"}],"version-history":[{"count":109,"href":"https:\/\/les-beaux-esprits.fr\/index.php?rest_route=\/wp\/v2\/pages\/12243\/revisions"}],"predecessor-version":[{"id":12594,"href":"https:\/\/les-beaux-esprits.fr\/index.php?rest_route=\/wp\/v2\/pages\/12243\/revisions\/12594"}],"wp:attachment":[{"href":"https:\/\/les-beaux-esprits.fr\/index.php?rest_route=%2Fwp%2Fv2%2Fmedia&parent=12243"}],"curies":[{"name":"wp","href":"https:\/\/api.w.org\/{rel}","templated":true}]}}