{"id":12357,"date":"2025-04-27T08:06:19","date_gmt":"2025-04-27T08:06:19","guid":{"rendered":"https:\/\/les-beaux-esprits.fr\/?page_id=12357"},"modified":"2025-04-28T09:55:06","modified_gmt":"2025-04-28T09:55:06","slug":"politique-de-confidentialite","status":"publish","type":"page","link":"https:\/\/les-beaux-esprits.fr\/?page_id=12357","title":{"rendered":"Politique de confidentialit\u00e9"},"content":{"rendered":"\t\t<div data-elementor-type=\"wp-page\" data-elementor-id=\"12357\" class=\"elementor elementor-12357\" data-elementor-post-type=\"page\">\n\t\t\t\t<div class=\"elementor-element elementor-element-c49180f e-flex e-con-boxed e-con e-parent\" data-id=\"c49180f\" data-element_type=\"container\" data-settings=\"{&quot;background_background&quot;:&quot;classic&quot;}\">\n\t\t\t\t\t<div class=\"e-con-inner\">\n\t\t<div class=\"elementor-element elementor-element-b222764 e-con-full e-flex e-con e-child\" data-id=\"b222764\" data-element_type=\"container\" data-settings=\"{&quot;background_background&quot;:&quot;classic&quot;}\">\n\t\t\t\t<div class=\"elementor-element elementor-element-898844f elementor-widget elementor-widget-text-editor\" data-id=\"898844f\" data-element_type=\"widget\" data-widget_type=\"text-editor.default\">\n\t\t\t\t<div class=\"elementor-widget-container\">\n\t\t\t\t\t\t\t\t\t<h1 class=\"\" data-start=\"204\" data-end=\"252\">Politique de confidentialit\u00e9&nbsp;<\/h1>\n<p class=\"\" data-start=\"254\" data-end=\"296\"><strong data-start=\"254\" data-end=\"296\">Derni\u00e8re mise \u00e0 jour : [27 avril 2025]<\/strong><\/p>\n<p class=\"\" data-start=\"298\" data-end=\"531\">Bienvenue sur Le Canap\u00e9 Jaune !<br data-start=\"329\" data-end=\"332\">Votre confiance est essentielle pour nous. Cette politique de confidentialit\u00e9 vous explique comment nous collectons, utilisons et prot\u00e9geons vos donn\u00e9es personnelles lorsque vous utilisez notre site.<\/p>\t\t\t\t\t\t\t\t<\/div>\n\t\t\t\t<\/div>\n\t\t\t\t<div class=\"elementor-element elementor-element-1023cd4 elementor-widget elementor-widget-text-editor\" data-id=\"1023cd4\" data-element_type=\"widget\" data-widget_type=\"text-editor.default\">\n\t\t\t\t<div class=\"elementor-widget-container\">\n\t\t\t\t\t\t\t\t\t<h3 data-start=\"533\" data-end=\"556\">Qui sommes-nous ?<\/h3><p data-start=\"558\" data-end=\"719\">Le Canap\u00e9 Jaune est une plateforme num\u00e9rique ayant pour mission de mettre en relation des \u00e9crivains et de favoriser la cr\u00e9ation d\u2019\u0153uvres litt\u00e9raires collectives.<\/p>\t\t\t\t\t\t\t\t<\/div>\n\t\t\t\t<\/div>\n\t\t\t\t<div class=\"elementor-element elementor-element-34b3d47 elementor-widget elementor-widget-text-editor\" data-id=\"34b3d47\" data-element_type=\"widget\" data-widget_type=\"text-editor.default\">\n\t\t\t\t<div class=\"elementor-widget-container\">\n\t\t\t\t\t\t\t\t\t<h3 data-start=\"721\" data-end=\"760\">Quelles donn\u00e9es collectons-nous ?<\/h3><p data-start=\"762\" data-end=\"842\">Lorsque vous utilisez notre site, nous pouvons collecter les donn\u00e9es suivantes :<\/p><ul data-start=\"844\" data-end=\"1227\"><li data-start=\"844\" data-end=\"917\"><p data-start=\"846\" data-end=\"917\"><strong data-start=\"846\" data-end=\"874\">Donn\u00e9es d\u2019identification<\/strong> : nom, pr\u00e9nom, pseudonyme, adresse e-mail.<\/p><\/li><li data-start=\"918\" data-end=\"1013\"><p data-start=\"920\" data-end=\"1013\"><strong data-start=\"920\" data-end=\"941\">Donn\u00e9es de profil<\/strong> : biographie d\u2019auteur, comp\u00e9tences litt\u00e9raires, genres de pr\u00e9dilection.<\/p><\/li><li data-start=\"1014\" data-end=\"1129\"><p data-start=\"1016\" data-end=\"1129\"><strong data-start=\"1016\" data-end=\"1040\">Donn\u00e9es de connexion<\/strong> : adresse IP, type d\u2019appareil, navigateur utilis\u00e9, donn\u00e9es de navigation sur notre site.<\/p><\/li><li data-start=\"1130\" data-end=\"1227\"><p data-start=\"1132\" data-end=\"1227\"><strong data-start=\"1132\" data-end=\"1153\">Contenus partag\u00e9s<\/strong> : extraits de textes, contributions aux projets collectifs, commentaires.<\/p><\/li><\/ul>\t\t\t\t\t\t\t\t<\/div>\n\t\t\t\t<\/div>\n\t\t\t\t<div class=\"elementor-element elementor-element-aa60a07 elementor-widget elementor-widget-text-editor\" data-id=\"aa60a07\" data-element_type=\"widget\" data-widget_type=\"text-editor.default\">\n\t\t\t\t<div class=\"elementor-widget-container\">\n\t\t\t\t\t\t\t\t\t<p data-start=\"1132\" data-end=\"1227\"><span style=\"font-size: 1.5em; font-weight: bold;\">Pourquoi collectons-nous ces donn\u00e9es ?<\/span><\/p><p data-start=\"1275\" data-end=\"1308\">Nous utilisons vos donn\u00e9es pour :<\/p><ul data-start=\"1310\" data-end=\"1737\"><li data-start=\"1310\" data-end=\"1400\"><p data-start=\"1312\" data-end=\"1400\">Permettre votre inscription et votre participation aux projets d\u2019\u00e9criture collaborative.<\/p><\/li><li data-start=\"1401\" data-end=\"1481\"><p data-start=\"1403\" data-end=\"1481\">Vous mettre en relation avec d\u2019autres auteurs selon vos affinit\u00e9s litt\u00e9raires.<\/p><\/li><li data-start=\"1482\" data-end=\"1543\"><p data-start=\"1484\" data-end=\"1543\">Am\u00e9liorer notre plateforme et votre exp\u00e9rience utilisateur.<\/p><\/li><li data-start=\"1544\" data-end=\"1666\"><p data-start=\"1546\" data-end=\"1666\">Vous envoyer des communications li\u00e9es \u00e0 l&rsquo;activit\u00e9 de la plateforme (propositions de projets, actualit\u00e9s, mises \u00e0 jour).<\/p><\/li><li data-start=\"1667\" data-end=\"1737\"><p data-start=\"1669\" data-end=\"1737\">Garantir la s\u00e9curit\u00e9 du site et pr\u00e9venir toute activit\u00e9 frauduleuse.<\/p><\/li><\/ul>\t\t\t\t\t\t\t\t<\/div>\n\t\t\t\t<\/div>\n\t\t\t\t<div class=\"elementor-element elementor-element-52ca8f1 elementor-widget elementor-widget-text-editor\" data-id=\"52ca8f1\" data-element_type=\"widget\" data-widget_type=\"text-editor.default\">\n\t\t\t\t<div class=\"elementor-widget-container\">\n\t\t\t\t\t\t\t\t\t<p data-start=\"1669\" data-end=\"1737\"><span style=\"font-size: 1.5em; font-weight: bold;\">Comment vos donn\u00e9es sont-elles prot\u00e9g\u00e9es ?<\/span><\/p><p data-start=\"1789\" data-end=\"2030\">Nous mettons en \u0153uvre des mesures techniques et organisationnelles pour assurer la s\u00e9curit\u00e9 de vos donn\u00e9es (chiffrement, authentification renforc\u00e9e, sauvegardes r\u00e9guli\u00e8res).<br data-start=\"1962\" data-end=\"1965\" \/>Vos informations ne sont accessibles qu\u2019aux personnes autoris\u00e9es.<\/p>\t\t\t\t\t\t\t\t<\/div>\n\t\t\t\t<\/div>\n\t\t\t\t<div class=\"elementor-element elementor-element-2e96dc1 elementor-widget elementor-widget-text-editor\" data-id=\"2e96dc1\" data-element_type=\"widget\" data-widget_type=\"text-editor.default\">\n\t\t\t\t<div class=\"elementor-widget-container\">\n\t\t\t\t\t\t\t\t\t<h3 data-start=\"2032\" data-end=\"2076\">Avec qui partageons-nous vos donn\u00e9es ?<\/h3>\n<p data-start=\"2078\" data-end=\"2144\">Vos donn\u00e9es ne sont jamais vendues. Elles peuvent \u00eatre partag\u00e9es :<\/p>\n\n<ul data-start=\"2146\" data-end=\"2425\">\n \t<li data-start=\"2146\" data-end=\"2257\">\n<p data-start=\"2148\" data-end=\"2257\">Avec d&rsquo;autres membres du site dans le cadre des projets d\u2019\u00e9criture collaborative (selon votre profil public).<\/p>\n<\/li>\n \t<li data-start=\"2258\" data-end=\"2425\">\n<p data-start=\"2260\" data-end=\"2425\">Avec nos prestataires techniques (h\u00e9bergement, maintenance) uniquement si cela est n\u00e9cessaire au bon fonctionnement du site et dans le respect de la confidentialit\u00e9.\t\t\t\t\t\t\t\t<\/div>\n\t\t\t\t<\/div>\n\t\t\t\t<div class=\"elementor-element elementor-element-2acf1b8 elementor-widget elementor-widget-text-editor\" data-id=\"2acf1b8\" data-element_type=\"widget\" data-widget_type=\"text-editor.default\">\n\t\t\t\t<div class=\"elementor-widget-container\">\n\t\t\t\t\t\t\t\t\t<h3 data-start=\"2427\" data-end=\"2479\">Combien de temps conservons-nous vos donn\u00e9es ?<\/h3><ul data-start=\"2481\" data-end=\"2731\"><li data-start=\"2481\" data-end=\"2542\"><p data-start=\"2483\" data-end=\"2542\">Vos donn\u00e9es de profil : tant que vous avez un compte actif.<\/p><\/li><li data-start=\"2543\" data-end=\"2688\"><p data-start=\"2545\" data-end=\"2688\">Vos contributions litt\u00e9raires : aussi longtemps que les projets collaboratifs existent sur la plateforme, sauf demande contraire de votre part.<\/p><\/li><li data-start=\"2689\" data-end=\"2731\"><p data-start=\"2691\" data-end=\"2731\">Donn\u00e9es de navigation : 13 mois maximum.<\/p><\/li><\/ul><p data-start=\"2733\" data-end=\"2834\">Vous pouvez demander la suppression de votre compte et de vos donn\u00e9es \u00e0 tout moment.<\/p>\t\t\t\t\t\t\t\t<\/div>\n\t\t\t\t<\/div>\n\t\t\t\t<div class=\"elementor-element elementor-element-d4de3b9 elementor-widget elementor-widget-text-editor\" data-id=\"d4de3b9\" data-element_type=\"widget\" data-widget_type=\"text-editor.default\">\n\t\t\t\t<div class=\"elementor-widget-container\">\n\t\t\t\t\t\t\t\t\t<h3 data-start=\"2836\" data-end=\"2849\">Cookies<\/h3>\n<p data-start=\"2851\" data-end=\"3092\">Le Canap\u00e9 Jaune utilise des cookies pour am\u00e9liorer votre exp\u00e9rience (par exemple, m\u00e9moriser votre session ou vos pr\u00e9f\u00e9rences de navigation).<br data-start=\"2991\" data-end=\"2994\" \/>Vous pouvez g\u00e9rer vos pr\u00e9f\u00e9rences de cookies \u00e0 tout moment via les param\u00e8tres de votre navigateur.<\/p>\t\t\t\t\t\t\t\t<\/div>\n\t\t\t\t<\/div>\n\t\t\t\t<div class=\"elementor-element elementor-element-9b28261 elementor-widget elementor-widget-text-editor\" data-id=\"9b28261\" data-element_type=\"widget\" data-widget_type=\"text-editor.default\">\n\t\t\t\t<div class=\"elementor-widget-container\">\n\t\t\t\t\t\t\t\t\t<h3 data-start=\"3094\" data-end=\"3110\">Vos droits<\/h3><p data-start=\"3112\" data-end=\"3214\">Conform\u00e9ment \u00e0 la r\u00e9glementation applicable (RGPD et Loi Informatique et Libert\u00e9s), vous disposez de :<\/p><ul data-start=\"3216\" data-end=\"3375\"><li data-start=\"3216\" data-end=\"3281\"><p data-start=\"3218\" data-end=\"3281\">Droit d\u2019acc\u00e8s, de rectification et d\u2019effacement de vos donn\u00e9es.<\/p><\/li><li data-start=\"3282\" data-end=\"3334\"><p data-start=\"3284\" data-end=\"3334\">Droit d\u2019opposition ou de limitation du traitement.<\/p><\/li><li data-start=\"3335\" data-end=\"3375\"><p data-start=\"3337\" data-end=\"3375\">Droit \u00e0 la portabilit\u00e9 de vos donn\u00e9es.<\/p><\/li><\/ul><p data-start=\"3377\" data-end=\"3450\">Pour exercer vos droits, contactez-nous \u00e0 : <strong data-start=\"3421\" data-end=\"3450\"><a rel=\"noopener\" data-start=\"3423\" data-end=\"3448\">vosdroits@lecanapejaune.com<\/a><\/strong><\/p>\t\t\t\t\t\t\t\t<\/div>\n\t\t\t\t<\/div>\n\t\t\t\t<div class=\"elementor-element elementor-element-70494f2 elementor-widget elementor-widget-text-editor\" data-id=\"70494f2\" data-element_type=\"widget\" data-widget_type=\"text-editor.default\">\n\t\t\t\t<div class=\"elementor-widget-container\">\n\t\t\t\t\t\t\t\t\t<p><span style=\"font-size: 1.5em; font-weight: bold;\">Modification de la politique<\/span><\/p><p data-start=\"3488\" data-end=\"3659\">Nous pouvons modifier cette politique pour refl\u00e9ter les \u00e9volutions l\u00e9gales ou techniques. Vous serez inform\u00e9 de toute modification substantielle via le site ou par e-mail.<\/p>\t\t\t\t\t\t\t\t<\/div>\n\t\t\t\t<\/div>\n\t\t\t\t<\/div>\n\t\t\t\t\t<\/div>\n\t\t\t\t<\/div>\n\t\t\t\t<\/div>\n\t\t","protected":false},"excerpt":{"rendered":"<p>Politique de confidentialit\u00e9&nbsp; Derni\u00e8re mise \u00e0 jour : [27 avril 2025] Bienvenue sur Le Canap\u00e9 Jaune !Votre confiance est essentielle [&hellip;]<\/p>\n","protected":false},"author":1,"featured_media":0,"parent":0,"menu_order":0,"comment_status":"closed","ping_status":"closed","template":"elementor_header_footer","meta":{"site-sidebar-layout":"no-sidebar","site-content-layout":"","ast-site-content-layout":"full-width-container","site-content-style":"default","site-sidebar-style":"default","ast-global-header-display":"","ast-banner-title-visibility":"","ast-main-header-display":"","ast-hfb-above-header-display":"","ast-hfb-below-header-display":"","ast-hfb-mobile-header-display":"","site-post-title":"disabled","ast-breadcrumbs-content":"","ast-featured-img":"disabled","footer-sml-layout":"","theme-transparent-header-meta":"","adv-header-id-meta":"","stick-header-meta":"","header-above-stick-meta":"","header-main-stick-meta":"","header-below-stick-meta":"","astra-migrate-meta-layouts":"default","ast-page-background-enabled":"default","ast-page-background-meta":{"desktop":{"background-color":"var(--ast-global-color-4)","background-image":"","background-repeat":"repeat","background-position":"center center","background-size":"auto","background-attachment":"scroll","background-type":"","background-media":"","overlay-type":"","overlay-color":"","overlay-opacity":"","overlay-gradient":""},"tablet":{"background-color":"","background-image":"","background-repeat":"repeat","background-position":"center center","background-size":"auto","background-attachment":"scroll","background-type":"","background-media":"","overlay-type":"","overlay-color":"","overlay-opacity":"","overlay-gradient":""},"mobile":{"background-color":"","background-image":"","background-repeat":"repeat","background-position":"center center","background-size":"auto","background-attachment":"scroll","background-type":"","background-media":"","overlay-type":"","overlay-color":"","overlay-opacity":"","overlay-gradient":""}},"ast-content-background-meta":{"desktop":{"background-color":"var(--ast-global-color-5)","background-image":"","background-repeat":"repeat","background-position":"center center","background-size":"auto","background-attachment":"scroll","background-type":"","background-media":"","overlay-type":"","overlay-color":"","overlay-opacity":"","overlay-gradient":""},"tablet":{"background-color":"var(--ast-global-color-5)","background-image":"","background-repeat":"repeat","background-position":"center center","background-size":"auto","background-attachment":"scroll","background-type":"","background-media":"","overlay-type":"","overlay-color":"","overlay-opacity":"","overlay-gradient":""},"mobile":{"background-color":"var(--ast-global-color-5)","background-image":"","background-repeat":"repeat","background-position":"center center","background-size":"auto","background-attachment":"scroll","background-type":"","background-media":"","overlay-type":"","overlay-color":"","overlay-opacity":"","overlay-gradient":""}},"footnotes":""},"class_list":["post-12357","page","type-page","status-publish","hentry"],"jetpack_sharing_enabled":true,"_links":{"self":[{"href":"https:\/\/les-beaux-esprits.fr\/index.php?rest_route=\/wp\/v2\/pages\/12357","targetHints":{"allow":["GET"]}}],"collection":[{"href":"https:\/\/les-beaux-esprits.fr\/index.php?rest_route=\/wp\/v2\/pages"}],"about":[{"href":"https:\/\/les-beaux-esprits.fr\/index.php?rest_route=\/wp\/v2\/types\/page"}],"author":[{"embeddable":true,"href":"https:\/\/les-beaux-esprits.fr\/index.php?rest_route=\/wp\/v2\/users\/1"}],"replies":[{"embeddable":true,"href":"https:\/\/les-beaux-esprits.fr\/index.php?rest_route=%2Fwp%2Fv2%2Fcomments&post=12357"}],"version-history":[{"count":118,"href":"https:\/\/les-beaux-esprits.fr\/index.php?rest_route=\/wp\/v2\/pages\/12357\/revisions"}],"predecessor-version":[{"id":12527,"href":"https:\/\/les-beaux-esprits.fr\/index.php?rest_route=\/wp\/v2\/pages\/12357\/revisions\/12527"}],"wp:attachment":[{"href":"https:\/\/les-beaux-esprits.fr\/index.php?rest_route=%2Fwp%2Fv2%2Fmedia&parent=12357"}],"curies":[{"name":"wp","href":"https:\/\/api.w.org\/{rel}","templated":true}]}}