{"id":12595,"date":"2025-04-29T09:53:18","date_gmt":"2025-04-29T09:53:18","guid":{"rendered":"https:\/\/les-beaux-esprits.fr\/?page_id=12595"},"modified":"2025-04-29T13:34:43","modified_gmt":"2025-04-29T13:34:43","slug":"gestion-des-cookies","status":"publish","type":"page","link":"https:\/\/les-beaux-esprits.fr\/?page_id=12595","title":{"rendered":"Gestion des Cookies"},"content":{"rendered":"\t\t<div data-elementor-type=\"wp-page\" data-elementor-id=\"12595\" class=\"elementor elementor-12595\" data-elementor-post-type=\"page\">\n\t\t\t\t<div class=\"elementor-element elementor-element-c49180f e-flex e-con-boxed e-con e-parent\" data-id=\"c49180f\" data-element_type=\"container\" data-settings=\"{&quot;background_background&quot;:&quot;classic&quot;}\">\n\t\t\t\t\t<div class=\"e-con-inner\">\n\t\t<div class=\"elementor-element elementor-element-b222764 e-con-full e-flex e-con e-child\" data-id=\"b222764\" data-element_type=\"container\" data-settings=\"{&quot;background_background&quot;:&quot;classic&quot;}\">\n\t\t\t\t<div class=\"elementor-element elementor-element-898844f elementor-widget elementor-widget-text-editor\" data-id=\"898844f\" data-element_type=\"widget\" data-widget_type=\"text-editor.default\">\n\t\t\t\t<div class=\"elementor-widget-container\">\n\t\t\t\t\t\t\t\t\t<h1 class=\"\" data-start=\"204\" data-end=\"252\">Gestion des cookies<\/h1><p class=\"\" data-start=\"254\" data-end=\"296\"><strong data-start=\"254\" data-end=\"296\">Derni\u00e8re mise \u00e0 jour : [27 avril 2025]<\/strong><\/p><p class=\"\" data-start=\"298\" data-end=\"531\">Un cookie est un petit fichier texte d\u00e9pos\u00e9 sur votre terminal (ordinateur, tablette, smartphone\u2026) lors de la visite d\u2019un site web. Il permet \u00e0 son \u00e9metteur d\u2019identifier le terminal dans lequel il est enregistr\u00e9, pendant la dur\u00e9e de validit\u00e9 ou d\u2019enregistrement du cookie.<\/p>\t\t\t\t\t\t\t\t<\/div>\n\t\t\t\t<\/div>\n\t\t\t\t<div class=\"elementor-element elementor-element-1023cd4 elementor-widget elementor-widget-text-editor\" data-id=\"1023cd4\" data-element_type=\"widget\" data-widget_type=\"text-editor.default\">\n\t\t\t\t<div class=\"elementor-widget-container\">\n\t\t\t\t\t\t\t\t\t<h3 data-start=\"533\" data-end=\"556\">Pourquoi utilisons-nous des cookies ?<\/h3><p class=\"\" data-start=\"627\" data-end=\"678\">Nous utilisons des cookies pour plusieurs raisons :<\/p><ul data-start=\"679\" data-end=\"1073\"><li class=\"\" data-start=\"679\" data-end=\"772\"><p class=\"\" data-start=\"681\" data-end=\"772\"><strong data-start=\"681\" data-end=\"707\">Fonctionnement du site<\/strong> : assurer le bon fonctionnement et l\u2019optimisation de notre site.<\/p><\/li><li class=\"\" data-start=\"773\" data-end=\"875\"><p class=\"\" data-start=\"775\" data-end=\"875\"><strong data-start=\"775\" data-end=\"796\">Mesure d\u2019audience<\/strong> : analyser la fr\u00e9quentation et l\u2019usage du site afin d\u2019en am\u00e9liorer le contenu.<\/p><\/li><li class=\"\" data-start=\"876\" data-end=\"969\"><p class=\"\" data-start=\"878\" data-end=\"969\"><strong data-start=\"878\" data-end=\"898\">Personnalisation<\/strong> : m\u00e9moriser vos pr\u00e9f\u00e9rences et am\u00e9liorer votre exp\u00e9rience utilisateur.<\/p><\/li><li class=\"\" data-start=\"970\" data-end=\"1073\"><p class=\"\" data-start=\"972\" data-end=\"1073\"><strong data-start=\"972\" data-end=\"985\">Publicit\u00e9<\/strong> (le cas \u00e9ch\u00e9ant) : proposer des contenus et publicit\u00e9s adapt\u00e9s \u00e0 vos centres d\u2019int\u00e9r\u00eat.<\/p><\/li><\/ul>\t\t\t\t\t\t\t\t<\/div>\n\t\t\t\t<\/div>\n\t\t\t\t<div class=\"elementor-element elementor-element-ae0735f elementor-widget elementor-widget-text-editor\" data-id=\"ae0735f\" data-element_type=\"widget\" data-widget_type=\"text-editor.default\">\n\t\t\t\t<div class=\"elementor-widget-container\">\n\t\t\t\t\t\t\t\t\t<h3 data-start=\"533\" data-end=\"556\">Quels types de cookies utilisons-nous ?<\/h3><p class=\"\" data-start=\"627\" data-end=\"678\">Nous utilisons des cookies pour plusieurs raisons :<\/p><ul data-start=\"679\" data-end=\"1073\"><li class=\"\" data-start=\"679\" data-end=\"772\"><p class=\"\" data-start=\"681\" data-end=\"772\"><strong>Cookies strictement n\u00e9cessaires<\/strong> : Ils sont essentiels pour le fonctionnement du site et ne peuvent pas \u00eatre d\u00e9sactiv\u00e9s. Ils ne stockent aucune information personnellement identifiable.<\/p><\/li><li class=\"\" data-start=\"773\" data-end=\"875\"><p class=\"\" data-start=\"775\" data-end=\"875\"><strong>Cookies de performance<\/strong> : Ces cookies nous permettent de mesurer l\u2019audience et les performances de notre site. Ils nous aident \u00e0 savoir quelles pages sont les plus ou les moins visit\u00e9es.<\/p><\/li><li class=\"\" data-start=\"876\" data-end=\"969\"><p class=\"\" data-start=\"878\" data-end=\"969\"><strong>Cookies de fonctionnalit\u00e9<\/strong> : Ils permettent d\u2019am\u00e9liorer les fonctionnalit\u00e9s et la personnalisation du site, comme la m\u00e9morisation de vos choix.<\/p><\/li><li class=\"\" data-start=\"970\" data-end=\"1073\"><p class=\"\" data-start=\"972\" data-end=\"1073\"><strong>Cookies de ciblage\/publicit\u00e9 :<\/strong> Ces cookies peuvent \u00eatre install\u00e9s sur notre site par nos partenaires publicitaires pour vous proposer des publicit\u00e9s cibl\u00e9es.<\/p><\/li><\/ul>\t\t\t\t\t\t\t\t<\/div>\n\t\t\t\t<\/div>\n\t\t\t\t<div class=\"elementor-element elementor-element-aa60a07 elementor-widget elementor-widget-text-editor\" data-id=\"aa60a07\" data-element_type=\"widget\" data-widget_type=\"text-editor.default\">\n\t\t\t\t<div class=\"elementor-widget-container\">\n\t\t\t\t\t\t\t\t\t<h3 data-start=\"1132\" data-end=\"1227\">Gestion de vos pr\u00e9f\u00e9rences<\/h3><p class=\"\" data-start=\"1862\" data-end=\"2139\">Lors de votre premi\u00e8re visite sur notre site, un bandeau vous informe de la pr\u00e9sence de cookies et vous permet d\u2019accepter ou de refuser leur utilisation, cookie par cookie. Vous pouvez modifier vos choix \u00e0 tout moment en cliquant sur le lien \u00ab\u00a0G\u00e9rer mes cookies\u00a0\u00bb en bas de page.<\/p><p class=\"\" data-start=\"2141\" data-end=\"2261\">Vous pouvez \u00e9galement configurer votre navigateur pour refuser tout ou partie des cookies. Voici quelques liens utiles :<\/p><p data-start=\"2141\" data-end=\"2261\">\u00a0<\/p><ul data-start=\"2262\" data-end=\"2560\"><li class=\"\" data-start=\"2262\" data-end=\"2326\"><p class=\"\" data-start=\"2264\" data-end=\"2326\"><strong><a class=\"cursor-pointer\" target=\"_new\" rel=\"noopener\" data-start=\"2264\" data-end=\"2326\">Chrome<\/a><\/strong><\/p><\/li><li class=\"\" data-start=\"2327\" data-end=\"2400\"><p class=\"\" data-start=\"2329\" data-end=\"2400\"><strong><a class=\"\" href=\"https:\/\/support.mozilla.org\/fr\/kb\/activer-desactiver-cookies\" target=\"_new\" rel=\"noopener\" data-start=\"2329\" data-end=\"2400\">Firefox<\/a><\/strong><\/p><\/li><li class=\"\" data-start=\"2401\" data-end=\"2471\"><p class=\"\" data-start=\"2403\" data-end=\"2471\"><strong><a class=\"\" href=\"https:\/\/support.apple.com\/fr-fr\/guide\/safari\/sfri11471\/mac\" target=\"_new\" rel=\"noopener\" data-start=\"2403\" data-end=\"2471\">Safari<\/a><\/strong><\/p><\/li><li class=\"\" data-start=\"2472\" data-end=\"2560\"><p class=\"\" data-start=\"2474\" data-end=\"2560\"><strong><a class=\"\" href=\"https:\/\/support.microsoft.com\/fr-fr\/help\/4027947\/microsoft-edge-delete-cookies\" target=\"_new\" rel=\"noopener\" data-start=\"2474\" data-end=\"2560\">Edge<\/a><\/strong><\/p><\/li><\/ul>\t\t\t\t\t\t\t\t<\/div>\n\t\t\t\t<\/div>\n\t\t\t\t<div class=\"elementor-element elementor-element-d4de3b9 elementor-widget elementor-widget-text-editor\" data-id=\"d4de3b9\" data-element_type=\"widget\" data-widget_type=\"text-editor.default\">\n\t\t\t\t<div class=\"elementor-widget-container\">\n\t\t\t\t\t\t\t\t\t<h3 data-start=\"2836\" data-end=\"2849\">Dur\u00e9e de conservation<\/h3><p data-start=\"2851\" data-end=\"3092\">Les cookies sont conserv\u00e9s pour une dur\u00e9e maximale de 13 mois \u00e0 compter de leur d\u00e9p\u00f4t sur votre terminal. \u00c0 l\u2019expiration de ce d\u00e9lai, votre consentement sera de nouveau requis.<\/p>\t\t\t\t\t\t\t\t<\/div>\n\t\t\t\t<\/div>\n\t\t\t\t<\/div>\n\t\t\t\t\t<\/div>\n\t\t\t\t<\/div>\n\t\t\t\t<\/div>\n\t\t","protected":false},"excerpt":{"rendered":"<p>Gestion des cookies Derni\u00e8re mise \u00e0 jour : [27 avril 2025] Un cookie est un petit fichier texte d\u00e9pos\u00e9 sur [&hellip;]<\/p>\n","protected":false},"author":1,"featured_media":0,"parent":0,"menu_order":0,"comment_status":"closed","ping_status":"closed","template":"elementor_header_footer","meta":{"site-sidebar-layout":"no-sidebar","site-content-layout":"","ast-site-content-layout":"full-width-container","site-content-style":"default","site-sidebar-style":"default","ast-global-header-display":"","ast-banner-title-visibility":"","ast-main-header-display":"","ast-hfb-above-header-display":"","ast-hfb-below-header-display":"","ast-hfb-mobile-header-display":"","site-post-title":"disabled","ast-breadcrumbs-content":"","ast-featured-img":"disabled","footer-sml-layout":"","theme-transparent-header-meta":"","adv-header-id-meta":"","stick-header-meta":"","header-above-stick-meta":"","header-main-stick-meta":"","header-below-stick-meta":"","astra-migrate-meta-layouts":"default","ast-page-background-enabled":"default","ast-page-background-meta":{"desktop":{"background-color":"var(--ast-global-color-4)","background-image":"","background-repeat":"repeat","background-position":"center center","background-size":"auto","background-attachment":"scroll","background-type":"","background-media":"","overlay-type":"","overlay-color":"","overlay-opacity":"","overlay-gradient":""},"tablet":{"background-color":"","background-image":"","background-repeat":"repeat","background-position":"center center","background-size":"auto","background-attachment":"scroll","background-type":"","background-media":"","overlay-type":"","overlay-color":"","overlay-opacity":"","overlay-gradient":""},"mobile":{"background-color":"","background-image":"","background-repeat":"repeat","background-position":"center center","background-size":"auto","background-attachment":"scroll","background-type":"","background-media":"","overlay-type":"","overlay-color":"","overlay-opacity":"","overlay-gradient":""}},"ast-content-background-meta":{"desktop":{"background-color":"var(--ast-global-color-5)","background-image":"","background-repeat":"repeat","background-position":"center center","background-size":"auto","background-attachment":"scroll","background-type":"","background-media":"","overlay-type":"","overlay-color":"","overlay-opacity":"","overlay-gradient":""},"tablet":{"background-color":"var(--ast-global-color-5)","background-image":"","background-repeat":"repeat","background-position":"center center","background-size":"auto","background-attachment":"scroll","background-type":"","background-media":"","overlay-type":"","overlay-color":"","overlay-opacity":"","overlay-gradient":""},"mobile":{"background-color":"var(--ast-global-color-5)","background-image":"","background-repeat":"repeat","background-position":"center center","background-size":"auto","background-attachment":"scroll","background-type":"","background-media":"","overlay-type":"","overlay-color":"","overlay-opacity":"","overlay-gradient":""}},"footnotes":""},"class_list":["post-12595","page","type-page","status-publish","hentry"],"jetpack_sharing_enabled":true,"_links":{"self":[{"href":"https:\/\/les-beaux-esprits.fr\/index.php?rest_route=\/wp\/v2\/pages\/12595","targetHints":{"allow":["GET"]}}],"collection":[{"href":"https:\/\/les-beaux-esprits.fr\/index.php?rest_route=\/wp\/v2\/pages"}],"about":[{"href":"https:\/\/les-beaux-esprits.fr\/index.php?rest_route=\/wp\/v2\/types\/page"}],"author":[{"embeddable":true,"href":"https:\/\/les-beaux-esprits.fr\/index.php?rest_route=\/wp\/v2\/users\/1"}],"replies":[{"embeddable":true,"href":"https:\/\/les-beaux-esprits.fr\/index.php?rest_route=%2Fwp%2Fv2%2Fcomments&post=12595"}],"version-history":[{"count":19,"href":"https:\/\/les-beaux-esprits.fr\/index.php?rest_route=\/wp\/v2\/pages\/12595\/revisions"}],"predecessor-version":[{"id":12650,"href":"https:\/\/les-beaux-esprits.fr\/index.php?rest_route=\/wp\/v2\/pages\/12595\/revisions\/12650"}],"wp:attachment":[{"href":"https:\/\/les-beaux-esprits.fr\/index.php?rest_route=%2Fwp%2Fv2%2Fmedia&parent=12595"}],"curies":[{"name":"wp","href":"https:\/\/api.w.org\/{rel}","templated":true}]}}