{"id":12651,"date":"2025-04-29T15:22:04","date_gmt":"2025-04-29T15:22:04","guid":{"rendered":"https:\/\/les-beaux-esprits.fr\/?page_id=12651"},"modified":"2025-04-29T18:51:06","modified_gmt":"2025-04-29T18:51:06","slug":"mentions-legales","status":"publish","type":"page","link":"https:\/\/les-beaux-esprits.fr\/?page_id=12651","title":{"rendered":"Mentions legales"},"content":{"rendered":"\t\t<div data-elementor-type=\"wp-page\" data-elementor-id=\"12651\" class=\"elementor elementor-12651\" data-elementor-post-type=\"page\">\n\t\t\t\t<div class=\"elementor-element elementor-element-c49180f e-flex e-con-boxed e-con e-parent\" data-id=\"c49180f\" data-element_type=\"container\" data-settings=\"{&quot;background_background&quot;:&quot;classic&quot;}\">\n\t\t\t\t\t<div class=\"e-con-inner\">\n\t\t<div class=\"elementor-element elementor-element-b222764 e-con-full e-flex e-con e-child\" data-id=\"b222764\" data-element_type=\"container\" data-settings=\"{&quot;background_background&quot;:&quot;classic&quot;}\">\n\t\t\t\t<div class=\"elementor-element elementor-element-898844f elementor-widget elementor-widget-text-editor\" data-id=\"898844f\" data-element_type=\"widget\" data-widget_type=\"text-editor.default\">\n\t\t\t\t<div class=\"elementor-widget-container\">\n\t\t\t\t\t\t\t\t\t<h1 class=\"\" data-start=\"204\" data-end=\"252\">Mentions Legales\u00a0<\/h1><p class=\"\" data-start=\"254\" data-end=\"296\"><strong data-start=\"254\" data-end=\"296\">Derni\u00e8re mise \u00e0 jour : [27 avril 2025]<\/strong><\/p><p class=\"\" data-start=\"298\" data-end=\"531\">\u00a0<\/p>\t\t\t\t\t\t\t\t<\/div>\n\t\t\t\t<\/div>\n\t\t\t\t<\/div>\n\t\t<div class=\"elementor-element elementor-element-81cb35e e-con-full e-flex e-con e-child\" data-id=\"81cb35e\" data-element_type=\"container\">\n\t\t\t\t<div class=\"elementor-element elementor-element-d40c1a3 elementor-widget elementor-widget-text-editor\" data-id=\"d40c1a3\" data-element_type=\"widget\" data-widget_type=\"text-editor.default\">\n\t\t\t\t<div class=\"elementor-widget-container\">\n\t\t\t\t\t\t\t\t\t<h6 data-start=\"533\" data-end=\"556\"><span style=\"font-size: 1.5em; font-weight: bold;\"><b>\u00c9<\/b>diteur du site<\/span><\/h6><p data-start=\"558\" data-end=\"719\"><strong data-start=\"374\" data-end=\"418\">Nom de l&rsquo;entreprise \/ Nom de l&rsquo;\u00e9diteur :<\/strong> COM&amp;O<br data-start=\"450\" data-end=\"453\" \/><strong data-start=\"453\" data-end=\"474\">Forme juridique :<\/strong> SARL<br data-start=\"517\" data-end=\"520\" \/><strong data-start=\"520\" data-end=\"540\">Capital social :<\/strong> 10 000 \u20ac<br data-start=\"557\" data-end=\"560\" \/><strong data-start=\"560\" data-end=\"589\">Adresse du si\u00e8ge social :<\/strong> 1, square de la Baume &#8211; 78150 Le Chesnay-Rocquencourt<br data-start=\"616\" data-end=\"619\" \/><strong data-start=\"619\" data-end=\"644\">Num\u00e9ro de t\u00e9l\u00e9phone :<\/strong> 01.48.71.10.00<br data-start=\"664\" data-end=\"667\" \/><strong data-start=\"667\" data-end=\"687\">Adresse e-mail : <a href=\"http:\/\/juridique@lecanapejaune.fr\">Juridique<\/a><\/strong><br data-start=\"713\" data-end=\"716\" \/><strong data-start=\"716\" data-end=\"734\">Num\u00e9ro SIRET :<\/strong> 481522431<br data-start=\"750\" data-end=\"753\" \/><strong data-start=\"753\" data-end=\"767\">RCS \/ <\/strong>RM : RCS de Versailles<br data-start=\"793\" data-end=\"796\" \/><strong data-start=\"872\" data-end=\"905\">Directeur de la publication :<\/strong> Sylvie Zollner<\/p>\t\t\t\t\t\t\t\t<\/div>\n\t\t\t\t<\/div>\n\t\t\t\t<div class=\"elementor-element elementor-element-f75774d elementor-widget elementor-widget-text-editor\" data-id=\"f75774d\" data-element_type=\"widget\" data-widget_type=\"text-editor.default\">\n\t\t\t\t<div class=\"elementor-widget-container\">\n\t\t\t\t\t\t\t\t\t<h6 data-start=\"721\" data-end=\"760\"><span style=\"font-size: 1.5em; font-weight: bold;\">H\u00e9bergeur du site<\/span><\/h6><p data-start=\"762\" data-end=\"842\"><strong data-start=\"950\" data-end=\"974\">Nom de l\u2019h\u00e9bergeur : <\/strong>IONOS<br data-start=\"1020\" data-end=\"1023\" \/><strong data-start=\"1023\" data-end=\"1051\">Adresse de l\u2019h\u00e9bergeur :<\/strong> 7, place de la Gare &#8211; BP 70109 57200 Sarreguemines Cedex France<br data-start=\"1085\" data-end=\"1088\" \/><strong data-start=\"1141\" data-end=\"1155\">Site web : www.ionos.fr<\/strong><\/p>\t\t\t\t\t\t\t\t<\/div>\n\t\t\t\t<\/div>\n\t\t\t\t<div class=\"elementor-element elementor-element-72d0b80 elementor-widget elementor-widget-text-editor\" data-id=\"72d0b80\" data-element_type=\"widget\" data-widget_type=\"text-editor.default\">\n\t\t\t\t<div class=\"elementor-widget-container\">\n\t\t\t\t\t\t\t\t\t<h6 data-start=\"721\" data-end=\"760\"><span style=\"font-size: 1.5em; font-weight: bold;\">Propri\u00e9t\u00e9 intellectuelle<\/span><\/h6><p data-start=\"1789\" data-end=\"2030\">L\u2019ensemble du contenu pr\u00e9sent sur ce site (textes, images, graphismes, logo, ic\u00f4nes, vid\u00e9os, etc.) est la propri\u00e9t\u00e9 exclusive de COM&amp;O, sauf mentions contraires. Toute reproduction, distribution, modification, adaptation, retransmission ou publication, m\u00eame partielle, de ces diff\u00e9rents \u00e9l\u00e9ments est strictement interdite sans l&rsquo;accord \u00e9crit pr\u00e9alable de COM&amp;O.<\/p>\t\t\t\t\t\t\t\t<\/div>\n\t\t\t\t<\/div>\n\t\t\t\t<div class=\"elementor-element elementor-element-bec5ac9 elementor-widget elementor-widget-text-editor\" data-id=\"bec5ac9\" data-element_type=\"widget\" data-widget_type=\"text-editor.default\">\n\t\t\t\t<div class=\"elementor-widget-container\">\n\t\t\t\t\t\t\t\t\t<h6 data-start=\"721\" data-end=\"760\"><span style=\"font-size: 1.5em; font-weight: bold;\">Responsabilit\u00e9<\/span><\/h6><p class=\"\" data-start=\"1625\" data-end=\"1891\">L\u2019\u00e9diteur du site s\u2019efforce de fournir sur le site des informations aussi pr\u00e9cises que possible. Toutefois, il ne pourra \u00eatre tenu responsable des omissions, inexactitudes ou carences dans la mise \u00e0 jour, qu\u2019elles soient de son fait ou du fait des tiers partenaires.<\/p><p class=\"\" data-start=\"1893\" data-end=\"1986\">L\u2019utilisateur est seul responsable de l\u2019utilisation des informations disponibles sur ce site.<\/p>\t\t\t\t\t\t\t\t<\/div>\n\t\t\t\t<\/div>\n\t\t\t\t<div class=\"elementor-element elementor-element-c35ff01 elementor-widget elementor-widget-text-editor\" data-id=\"c35ff01\" data-element_type=\"widget\" data-widget_type=\"text-editor.default\">\n\t\t\t\t<div class=\"elementor-widget-container\">\n\t\t\t\t\t\t\t\t\t<h6 data-start=\"721\" data-end=\"760\"><span style=\"font-size: 1.5em; font-weight: bold;\">Donn\u00e9es personnelles<\/span><\/h6><p data-start=\"2483\" data-end=\"2542\">Pour toute information sur la collecte et le traitement des donn\u00e9es personnelles, veuillez consulter notre <strong><a class=\"\" href=\"#\" rel=\"noopener\" data-start=\"2121\" data-end=\"2154\">Politique de confidentialit\u00e9<\/a><\/strong> et notre <a class=\"\" href=\"#\" rel=\"noopener\" data-start=\"2164\" data-end=\"2201\"><strong>Politique de gestion des cookies<\/strong><\/a>.<\/p>\t\t\t\t\t\t\t\t<\/div>\n\t\t\t\t<\/div>\n\t\t\t\t<div class=\"elementor-element elementor-element-2e0388a elementor-widget elementor-widget-text-editor\" data-id=\"2e0388a\" data-element_type=\"widget\" data-widget_type=\"text-editor.default\">\n\t\t\t\t<div class=\"elementor-widget-container\">\n\t\t\t\t\t\t\t\t\t<h6 data-start=\"721\" data-end=\"760\"><span style=\"font-size: 1.5em; font-weight: bold;\">Loi applicable<\/span><\/h6><p class=\"\" data-start=\"2224\" data-end=\"2389\">Le pr\u00e9sent site est soumis au droit fran\u00e7ais. En cas de litige, et apr\u00e8s tentative de r\u00e9solution amiable, comp\u00e9tence est attribu\u00e9e aux tribunaux fran\u00e7ais comp\u00e9tents.<\/p>\t\t\t\t\t\t\t\t<\/div>\n\t\t\t\t<\/div>\n\t\t\t\t<\/div>\n\t\t\t\t\t<\/div>\n\t\t\t\t<\/div>\n\t\t\t\t<\/div>\n\t\t","protected":false},"excerpt":{"rendered":"<p>Mentions Legales\u00a0 Derni\u00e8re mise \u00e0 jour : [27 avril 2025] \u00a0 \u00c9diteur du site Nom de l&rsquo;entreprise \/ Nom de [&hellip;]<\/p>\n","protected":false},"author":1,"featured_media":0,"parent":0,"menu_order":0,"comment_status":"closed","ping_status":"closed","template":"elementor_header_footer","meta":{"site-sidebar-layout":"no-sidebar","site-content-layout":"","ast-site-content-layout":"full-width-container","site-content-style":"default","site-sidebar-style":"default","ast-global-header-display":"","ast-banner-title-visibility":"","ast-main-header-display":"","ast-hfb-above-header-display":"","ast-hfb-below-header-display":"","ast-hfb-mobile-header-display":"","site-post-title":"disabled","ast-breadcrumbs-content":"","ast-featured-img":"disabled","footer-sml-layout":"","theme-transparent-header-meta":"","adv-header-id-meta":"","stick-header-meta":"","header-above-stick-meta":"","header-main-stick-meta":"","header-below-stick-meta":"","astra-migrate-meta-layouts":"default","ast-page-background-enabled":"default","ast-page-background-meta":{"desktop":{"background-color":"var(--ast-global-color-4)","background-image":"","background-repeat":"repeat","background-position":"center center","background-size":"auto","background-attachment":"scroll","background-type":"","background-media":"","overlay-type":"","overlay-color":"","overlay-opacity":"","overlay-gradient":""},"tablet":{"background-color":"","background-image":"","background-repeat":"repeat","background-position":"center center","background-size":"auto","background-attachment":"scroll","background-type":"","background-media":"","overlay-type":"","overlay-color":"","overlay-opacity":"","overlay-gradient":""},"mobile":{"background-color":"","background-image":"","background-repeat":"repeat","background-position":"center center","background-size":"auto","background-attachment":"scroll","background-type":"","background-media":"","overlay-type":"","overlay-color":"","overlay-opacity":"","overlay-gradient":""}},"ast-content-background-meta":{"desktop":{"background-color":"var(--ast-global-color-5)","background-image":"","background-repeat":"repeat","background-position":"center center","background-size":"auto","background-attachment":"scroll","background-type":"","background-media":"","overlay-type":"","overlay-color":"","overlay-opacity":"","overlay-gradient":""},"tablet":{"background-color":"var(--ast-global-color-5)","background-image":"","background-repeat":"repeat","background-position":"center center","background-size":"auto","background-attachment":"scroll","background-type":"","background-media":"","overlay-type":"","overlay-color":"","overlay-opacity":"","overlay-gradient":""},"mobile":{"background-color":"var(--ast-global-color-5)","background-image":"","background-repeat":"repeat","background-position":"center center","background-size":"auto","background-attachment":"scroll","background-type":"","background-media":"","overlay-type":"","overlay-color":"","overlay-opacity":"","overlay-gradient":""}},"footnotes":""},"class_list":["post-12651","page","type-page","status-publish","hentry"],"jetpack_sharing_enabled":true,"_links":{"self":[{"href":"https:\/\/les-beaux-esprits.fr\/index.php?rest_route=\/wp\/v2\/pages\/12651","targetHints":{"allow":["GET"]}}],"collection":[{"href":"https:\/\/les-beaux-esprits.fr\/index.php?rest_route=\/wp\/v2\/pages"}],"about":[{"href":"https:\/\/les-beaux-esprits.fr\/index.php?rest_route=\/wp\/v2\/types\/page"}],"author":[{"embeddable":true,"href":"https:\/\/les-beaux-esprits.fr\/index.php?rest_route=\/wp\/v2\/users\/1"}],"replies":[{"embeddable":true,"href":"https:\/\/les-beaux-esprits.fr\/index.php?rest_route=%2Fwp%2Fv2%2Fcomments&post=12651"}],"version-history":[{"count":65,"href":"https:\/\/les-beaux-esprits.fr\/index.php?rest_route=\/wp\/v2\/pages\/12651\/revisions"}],"predecessor-version":[{"id":12730,"href":"https:\/\/les-beaux-esprits.fr\/index.php?rest_route=\/wp\/v2\/pages\/12651\/revisions\/12730"}],"wp:attachment":[{"href":"https:\/\/les-beaux-esprits.fr\/index.php?rest_route=%2Fwp%2Fv2%2Fmedia&parent=12651"}],"curies":[{"name":"wp","href":"https:\/\/api.w.org\/{rel}","templated":true}]}}